{"id":969,"date":"2023-10-12T17:28:57","date_gmt":"2023-10-12T15:28:57","guid":{"rendered":"http:\/\/www.rlstevenson-europe.org\/le-reseau-europeen\/histoire-stevenson-rl\/"},"modified":"2024-02-14T15:58:09","modified_gmt":"2024-02-14T14:58:09","slug":"histoire-stevenson-rl","status":"publish","type":"page","link":"https:\/\/www.rlstevenson-europe.org\/en\/le-reseau-europeen\/histoire-stevenson-rl\/","title":{"rendered":"History of the European network &#8216;In the Footsteps of Robert Louis Stevenson&#8217;"},"content":{"rendered":"\n<div class=\"wp-block-media-text alignwide is-stacked-on-mobile\" style=\"grid-template-columns:32% auto\"><figure class=\"wp-block-media-text__media\"><img loading=\"lazy\" decoding=\"async\" width=\"795\" height=\"1024\" src=\"https:\/\/www.rlstevenson-europe.org\/wp-content\/uploads\/2024\/02\/RLS-expo-EN-1-795x1024.jpg\" alt=\"\" class=\"wp-image-1600 size-full\" srcset=\"https:\/\/www.rlstevenson-europe.org\/wp-content\/uploads\/2024\/02\/RLS-expo-EN-1-795x1024.jpg 795w, https:\/\/www.rlstevenson-europe.org\/wp-content\/uploads\/2024\/02\/RLS-expo-EN-1-233x300.jpg 233w, https:\/\/www.rlstevenson-europe.org\/wp-content\/uploads\/2024\/02\/RLS-expo-EN-1-768x989.jpg 768w, https:\/\/www.rlstevenson-europe.org\/wp-content\/uploads\/2024\/02\/RLS-expo-EN-1-349x450.jpg 349w, https:\/\/www.rlstevenson-europe.org\/wp-content\/uploads\/2024\/02\/RLS-expo-EN-1-466x600.jpg 466w, https:\/\/www.rlstevenson-europe.org\/wp-content\/uploads\/2024\/02\/RLS-expo-EN-1.jpg 1129w\" sizes=\"auto, (max-width: 795px) 100vw, 795px\" \/><\/figure><div class=\"wp-block-media-text__content\">\n<p>To celebrate the 130th anniversary of Stevenson&#8217;s travels in the C\u00e9vennes in France with the donkey Modestine, the association &#8220;sur le Chemin de Robert Louis Stevenson&#8221; created an exhibition on the life of Stevenson ter in the years 2006-2007, an exhibition which will be created in 2008.<\/p>\n<\/div><\/div>\n\n\n\n<p>To create the exhibition information, quotes and iconography, were gathered form a wide variety of sources, people and institutions (associations, museums, libraries, etc.) including:<\/p>\n\n\n\n<ul class=\"wp-block-list\">\n<li>Le Club C\u00e9venol<\/li>\n\n\n\n<li>The Robert Louis Stevenson club of Edinburgh<\/li>\n\n\n\n<li>La m\u00e9diath\u00e8que &#8220;l&#8217;Oise aux livres&#8221; d&#8217;Etr\u00e9aupont<\/li>\n\n\n\n<li>L&#8217;association &#8220;Artistes du bout du monde&#8221; in Grez sur Loing<\/li>\n\n\n\n<li>Le Parc Naturel R\u00e9gional de l&#8217;Avesnois<\/li>\n\n\n\n<li>Le Parc national des C\u00e9vennes<\/li>\n<\/ul>\n\n\n\n<p>On the occasion of the multiple, fruitful and warm meetings held with these different groups, an old dream resurfaces within the C\u00e9vennes association which also appeals to some of the partners met: creating a European Cultural Route around the writer and of the Stevenson man. After long, fruitless searches for an organization capable of providing guidance for such a project (several years), contact was finally established with the European Institute of Cultural Routes in Luxembourg. This organization is experiencing new vigor after a difficult financial period, thanks to the support of the Luxembourg government. It is directed by Michel Thomas Penette assisted by Eleonora Berti.<\/p>\n\n\n\n<p>Then begins a series of steps: training sessions in Luxembourg, drafting of files, alongside the intensification of the links already established with the partners of this adventure in Edinburgh, Grez sur Loing, Bristol (with the Long John Silver trust) and of northern France.<\/p>\n\n\n\n<p>The project finally took shape with the creation in 2013 of an association with a European vocation in the premises of the P.N.R. de l&#8217;Avesnois, the association &#8220;in the footsteps of Robert Louis Stevenson&#8221;<\/p>\n\n\n\n<p>The partner territories are becoming more precise and structured, others are joining us (Highlands, Brussels) and the certification file as a Cultural Route of the Council of Europe is submitted and presented in 2014. It is considered &#8220;perfectible&#8221; by the committee approval, enriched and represented in 2015. It is finally accepted and certification granted. It will be again in 2018 and 2022.<\/p>\n\n\n\n<p><strong>The rest is, of course, to be written and above all to be lived. More great encounters and beautiful moments in perspective so that friendship and cooperation between the citizens of Europe can live!<\/strong> <\/p>\n\n\n\n<p><strong>And that&#8217;s not all.. In 2022 the network began project to translate the RLS exhibition into German. <\/strong><\/p>\n\n\n\n<div style=\"height:100px\" aria-hidden=\"true\" class=\"wp-block-spacer\"><\/div>\n","protected":false},"excerpt":{"rendered":"<p>To celebrate the 130th anniversary of Stevenson&#8217;s travels in the C\u00e9vennes in France with the donkey Modestine, the association &#8220;sur le Chemin de Robert Louis Stevenson&#8221; created an exhibition on the life of Stevenson ter in the years 2006-2007, an exhibition which will be created in 2008. To create the exhibition information, quotes and iconography, [&hellip;]<\/p>\n","protected":false},"author":1,"featured_media":964,"parent":632,"menu_order":0,"comment_status":"closed","ping_status":"closed","template":"","meta":{"footnotes":""},"class_list":["post-969","page","type-page","status-publish","has-post-thumbnail","hentry"],"_links":{"self":[{"href":"https:\/\/www.rlstevenson-europe.org\/en\/wp-json\/wp\/v2\/pages\/969","targetHints":{"allow":["GET"]}}],"collection":[{"href":"https:\/\/www.rlstevenson-europe.org\/en\/wp-json\/wp\/v2\/pages"}],"about":[{"href":"https:\/\/www.rlstevenson-europe.org\/en\/wp-json\/wp\/v2\/types\/page"}],"author":[{"embeddable":true,"href":"https:\/\/www.rlstevenson-europe.org\/en\/wp-json\/wp\/v2\/users\/1"}],"replies":[{"embeddable":true,"href":"https:\/\/www.rlstevenson-europe.org\/en\/wp-json\/wp\/v2\/comments?post=969"}],"version-history":[{"count":3,"href":"https:\/\/www.rlstevenson-europe.org\/en\/wp-json\/wp\/v2\/pages\/969\/revisions"}],"predecessor-version":[{"id":1637,"href":"https:\/\/www.rlstevenson-europe.org\/en\/wp-json\/wp\/v2\/pages\/969\/revisions\/1637"}],"up":[{"embeddable":true,"href":"https:\/\/www.rlstevenson-europe.org\/en\/wp-json\/wp\/v2\/pages\/632"}],"wp:featuredmedia":[{"embeddable":true,"href":"https:\/\/www.rlstevenson-europe.org\/en\/wp-json\/wp\/v2\/media\/964"}],"wp:attachment":[{"href":"https:\/\/www.rlstevenson-europe.org\/en\/wp-json\/wp\/v2\/media?parent=969"}],"curies":[{"name":"wp","href":"https:\/\/api.w.org\/{rel}","templated":true}]}}