{"id":970,"date":"2023-10-12T17:28:57","date_gmt":"2023-10-12T15:28:57","guid":{"rendered":"http:\/\/www.rlstevenson-europe.org\/das-europaische-netzwerk\/histoire-stevenson-rl\/"},"modified":"2025-09-26T14:49:47","modified_gmt":"2025-09-26T12:49:47","slug":"histoire-stevenson-rl","status":"publish","type":"page","link":"https:\/\/www.rlstevenson-europe.org\/de\/das-europaische-netzwerk\/histoire-stevenson-rl\/","title":{"rendered":"Geschichte des Europ\u00e4ischen Netzwerks Robert Louis Stevenson"},"content":{"rendered":"\n<p>Anl\u00e4sslich der Feierlichkeiten zum 130. Jahrestag der Durchquerung der Cevennen mit Modestine bereitet der Verein \u201eSur le Chemin de Robert Louis Stevenson\u201d (Auf den Spuren von Robert Louis Stevenson) eine Ausstellung \u00fcber das Leben des Schriftstellers in den Jahren 2006-2007 vor, die 2008 er\u00f6ffnet werden soll.<\/p>\n\n\n\n<p>Um Informationen, Zitate und Bildmaterial zu sammeln, nimmt er Kontakt zu zahlreichen Personen und Institutionen (Vereinen, Museen, Bibliotheken usw.) auf, darunter:<\/p>\n\n\n\n<ul class=\"wp-block-list\">\n<li>Der Club C\u00e9venol<\/li>\n\n\n\n<li>Der Robert Louis Stevenson Club vonEdinburgh<\/li>\n\n\n\n<li>Die Mediathek &#8222;l&#8217;Oise aux livres&#8220; in Etr\u00e9aupont<\/li>\n\n\n\n<li>Der Verein \u201eArtistes du bout du monde\u201d in Grez sur Loing<\/li>\n\n\n\n<li>Der Regionale Naturpark Avesnois<\/li>\n\n\n\n<li>Der Nationalpark Cevennen<\/li>\n<\/ul>\n\n\n\n<p>Anl\u00e4sslich der zahlreichen fruchtbaren und herzlichen Begegnungen mit diesen verschiedenen Gruppierungen taucht innerhalb des Vereins aus den Cevennen ein alter Traum wieder auf, der auch einige der getroffenen Partner begeistert: <strong>die Schaffung einer Europ\u00e4ischen Kulturroute rund um den Schriftsteller und Menschen Stevenson<\/strong>. Nach langj\u00e4hriger erfolgloser Suche nach einer Organisation, die die Umsetzung eines solchen Projekts begleiten k\u00f6nnte, wurde schlie\u00dflich Kontakt zum Europ\u00e4ischen Institut f\u00fcr Kulturwege in Luxemburg aufgenommen. Diese Organisation erlebt dank der Unterst\u00fctzung der luxemburgischen Regierung nach einer finanziell schwierigen Phase einen neuen Aufschwung. Sie wird von Michel Thomas Penette geleitet, der von Eleonora Berti unterst\u00fctzt wird.<\/p>\n\n\n\n<p>Nun begann eine Reihe von Schritten: Schulungen in Luxemburg, Erstellung von Unterlagen, parallel zur Intensivierung der bereits gekn\u00fcpften Beziehungen zu den Partnern dieses Abenteuers in Edinburgh, Grez sur Loing, Bristol (mit dem Long John Silver Trust) und Nordfrankreich.<\/p>\n\n\n\n<p>Das Projekt nimmt schlie\u00dflich mit der Gr\u00fcndung eines europ\u00e4ischen Vereins im Jahr 2013 in den R\u00e4umlichkeiten des P.N.R. de l&#8217;Avesnois Gestalt an, dem Verein \u201eSur les traces de Robert Louis Stevenson\u201d (Auf den Spuren von Robert Louis Stevenson).<\/p>\n\n\n\n<p>Die Partnergebiete werden pr\u00e4zisiert und strukturiert, andere schlie\u00dfen sich uns an (Highlands, Br\u00fcssel) und der Antrag auf Zertifizierung als Kulturroute des Europarates wird 2014 eingereicht und vorgestellt. Er wird vom Zulassungsausschuss als \u201everbesserungsf\u00e4hig\u201d eingestuft, erg\u00e4nzt und 2015 erneut vorgelegt. Schlie\u00dflich wird sie angenommen und die Zertifizierung erteilt. Sie wird 2018 und 2022 erneut erteilt werden.<\/p>\n\n\n\n<p><strong>Die Fortsetzung muss nat\u00fcrlich noch geschrieben und vor allem gelebt werden. Es stehen weitere sch\u00f6ne Begegnungen und Momente bevor, damit die Freundschaft und Zusammenarbeit zwischen den B\u00fcrgern Europas weiterleben kann!<\/strong><\/p>\n\n\n\n<p><strong>Und das ist noch nicht alles. Im Jahr 2022 startete das Netzwerk ein Projekt zur \u00dcbersetzung der RLS-Ausstellung ins Deutsche.<\/strong><\/p>\n\n\n\n<div style=\"height:100px\" aria-hidden=\"true\" class=\"wp-block-spacer\"><\/div>\n","protected":false},"excerpt":{"rendered":"<p>Anl\u00e4sslich der Feierlichkeiten zum 130. Jahrestag der Durchquerung der Cevennen mit Modestine bereitet der Verein \u201eSur le Chemin de Robert Louis Stevenson\u201d (Auf den Spuren von Robert Louis Stevenson) eine Ausstellung \u00fcber das Leben des Schriftstellers in den Jahren 2006-2007 vor, die 2008 er\u00f6ffnet werden soll. Um Informationen, Zitate und Bildmaterial zu sammeln, nimmt er [&hellip;]<\/p>\n","protected":false},"author":1,"featured_media":965,"parent":633,"menu_order":0,"comment_status":"closed","ping_status":"closed","template":"","meta":{"footnotes":""},"class_list":["post-970","page","type-page","status-publish","has-post-thumbnail","hentry"],"_links":{"self":[{"href":"https:\/\/www.rlstevenson-europe.org\/de\/wp-json\/wp\/v2\/pages\/970","targetHints":{"allow":["GET"]}}],"collection":[{"href":"https:\/\/www.rlstevenson-europe.org\/de\/wp-json\/wp\/v2\/pages"}],"about":[{"href":"https:\/\/www.rlstevenson-europe.org\/de\/wp-json\/wp\/v2\/types\/page"}],"author":[{"embeddable":true,"href":"https:\/\/www.rlstevenson-europe.org\/de\/wp-json\/wp\/v2\/users\/1"}],"replies":[{"embeddable":true,"href":"https:\/\/www.rlstevenson-europe.org\/de\/wp-json\/wp\/v2\/comments?post=970"}],"version-history":[{"count":3,"href":"https:\/\/www.rlstevenson-europe.org\/de\/wp-json\/wp\/v2\/pages\/970\/revisions"}],"predecessor-version":[{"id":2123,"href":"https:\/\/www.rlstevenson-europe.org\/de\/wp-json\/wp\/v2\/pages\/970\/revisions\/2123"}],"up":[{"embeddable":true,"href":"https:\/\/www.rlstevenson-europe.org\/de\/wp-json\/wp\/v2\/pages\/633"}],"wp:featuredmedia":[{"embeddable":true,"href":"https:\/\/www.rlstevenson-europe.org\/de\/wp-json\/wp\/v2\/media\/965"}],"wp:attachment":[{"href":"https:\/\/www.rlstevenson-europe.org\/de\/wp-json\/wp\/v2\/media?parent=970"}],"curies":[{"name":"wp","href":"https:\/\/api.w.org\/{rel}","templated":true}]}}