{"id":853,"date":"2023-10-09T17:06:08","date_gmt":"2023-10-09T15:06:08","guid":{"rendered":"http:\/\/www.rlstevenson-europe.org\/nous-contacter\/"},"modified":"2023-12-21T10:48:35","modified_gmt":"2023-12-21T09:48:35","slug":"kontakt","status":"publish","type":"page","link":"https:\/\/www.rlstevenson-europe.org\/de\/kontakt\/","title":{"rendered":"Kontakt"},"content":{"rendered":"\n<p>Vous \u00eates une association en rapport avec Robert Louis Stevenson et vous souhaitez rejoindre notre r\u00e9seau. Laissez-nous vos coordonn\u00e9es, nous vous contacterons rapidement afin d&#8217;\u00e9voquer votre adh\u00e9sion.<\/p>\n\n\n\n<div class=\"wp-block-group\"><div class=\"wp-block-group__inner-container is-layout-constrained wp-block-group-is-layout-constrained\"><div class=\"frm_forms \" id=\"frm_form_5_container\" data-token=\"19363ed44b78b55dc937b2da2698eca2\">\n<form enctype=\"multipart\/form-data\" method=\"post\" class=\"frm-show-form \" id=\"form_contact4\" data-token=\"19363ed44b78b55dc937b2da2698eca2\">\n<div class=\"frm_form_fields \">\n<fieldset>\n<legend class=\"frm_screen_reader\">Contact DE<\/legend>\r\n\r\n<div class=\"frm_fields_container\">\n<input type=\"hidden\" name=\"frm_action\" value=\"create\" \/>\n<input type=\"hidden\" name=\"form_id\" value=\"5\" \/>\n<input type=\"hidden\" name=\"frm_hide_fields_5\" id=\"frm_hide_fields_5\" value=\"\" \/>\n<input type=\"hidden\" name=\"form_key\" value=\"contact4\" \/>\n<input type=\"hidden\" name=\"item_meta[0]\" value=\"\" \/>\n<input type=\"hidden\" id=\"frm_submit_entry_5\" name=\"frm_submit_entry_5\" value=\"ccfd53853b\" \/><input type=\"hidden\" name=\"_wp_http_referer\" value=\"\/de\/wp-json\/wp\/v2\/pages\/853\" \/><div id=\"frm_field_29_container\" class=\"frm_form_field form-field  frm_required_field frm_top_container vertical_radio\">\r\n    <div  id=\"field_cxxv03_label\" class=\"frm_primary_label\">Du bist\r\n        <span class=\"frm_required\" aria-hidden=\"true\">*<\/span>\r\n    <\/div>\r\n    <div class=\"frm_opt_container\" aria-labelledby=\"field_cxxv03_label\" role=\"radiogroup\" aria-required=\"true\">\t\t<div class=\"frm_radio\" id=\"frm_radio_29-0\">\t\t\t<label  for=\"field_cxxv03-0\">\n\t\t\t\t\t<input type=\"radio\" name=\"item_meta[29]\" id=\"field_cxxv03-0\" value=\"Eine Struktur\"\n\t\t data-reqmsg=\"Veuillez choisir une option.\" data-invmsg=\"Du bist ist ung\u00fcltig\"   \/> Eine Struktur<\/label><\/div>\n\t\t<div class=\"frm_radio\" id=\"frm_radio_29-1\">\t\t\t<label  for=\"field_cxxv03-1\">\n\t\t\t\t\t<input type=\"radio\" name=\"item_meta[29]\" id=\"field_cxxv03-1\" value=\"Ein bestimmtes\"\n\t\t data-reqmsg=\"Veuillez choisir une option.\" data-invmsg=\"Du bist ist ung\u00fcltig\"   \/> Ein bestimmtes<\/label><\/div>\n<\/div>\r\n    \r\n    \r\n<\/div>\n<div id=\"frm_field_30_container\" class=\"frm_form_field form-field  frm_required_field frm_top_container\">\r\n    <label for=\"field_6t8ne4\" id=\"field_6t8ne4_label\" class=\"frm_primary_label\">Ihr Name\r\n        <span class=\"frm_required\" aria-hidden=\"true\">*<\/span>\r\n    <\/label>\r\n    <input type=\"text\" id=\"field_6t8ne4\" name=\"item_meta[30]\" value=\"\"  data-reqmsg=\"Le nom est obligatoire.\" aria-required=\"true\" data-invmsg=\"texte est non valide\" aria-invalid=\"false\"  \/>\r\n    \r\n    \r\n<\/div>\n<div id=\"frm_field_31_container\" class=\"frm_form_field form-field  frm_required_field frm_top_container\">\r\n    <label for=\"field_qwhbl4\" id=\"field_qwhbl4_label\" class=\"frm_primary_label\">Ihr Vorname\r\n        <span class=\"frm_required\" aria-hidden=\"true\">*<\/span>\r\n    <\/label>\r\n    <input type=\"text\" id=\"field_qwhbl4\" name=\"item_meta[31]\" value=\"\"  data-reqmsg=\"le pr\u00e9nom est obligatoire.\" aria-required=\"true\" data-invmsg=\"texte est non valide\" aria-invalid=\"false\"  \/>\r\n    \r\n    \r\n<\/div>\n<div id=\"frm_field_32_container\" class=\"frm_form_field form-field  frm_top_container\">\r\n    <label for=\"field_r0lvw3\" id=\"field_r0lvw3_label\" class=\"frm_primary_label\">Name der Struktur\r\n        <span class=\"frm_required\" aria-hidden=\"true\"><\/span>\r\n    <\/label>\r\n    <input type=\"text\" id=\"field_r0lvw3\" name=\"item_meta[32]\" value=\"\"  data-invmsg=\"texte est non valide\" aria-invalid=\"false\"  \/>\r\n    \r\n    \r\n<\/div>\n<div id=\"frm_field_33_container\" class=\"frm_form_field form-field  frm_required_field frm_top_container\">\r\n    <label for=\"field_y1cw14\" id=\"field_y1cw14_label\" class=\"frm_primary_label\">Deine E-Mail\r\n        <span class=\"frm_required\" aria-hidden=\"true\">*<\/span>\r\n    <\/label>\r\n    <input type=\"email\" id=\"field_y1cw14\" name=\"item_meta[33]\" value=\"\"  data-reqmsg=\"l&#039;adresse email est obligatoire.\" aria-required=\"true\" data-invmsg=\"Email est non valide\" aria-invalid=\"false\"  \/>\r\n    \r\n    \r\n<\/div>\n<div id=\"frm_field_34_container\" class=\"frm_form_field form-field  frm_top_container\">\r\n    <label for=\"field_y2ccj3\" id=\"field_y2ccj3_label\" class=\"frm_primary_label\">Telefon\r\n        <span class=\"frm_required\" aria-hidden=\"true\"><\/span>\r\n    <\/label>\r\n    <input type=\"text\" id=\"field_y2ccj3\" name=\"item_meta[34]\" value=\"\"  data-invmsg=\"texte est non valide\" aria-invalid=\"false\"  \/>\r\n    \r\n    \r\n<\/div>\n<div id=\"frm_field_35_container\" class=\"frm_form_field form-field  frm_required_field frm_top_container vertical_radio\">\r\n    <div  id=\"field_qpv563_label\" class=\"frm_primary_label\">Sie kontaktieren uns f\u00fcr:\r\n        <span class=\"frm_required\" aria-hidden=\"true\">*<\/span>\r\n    <\/div>\r\n    <div class=\"frm_opt_container\" aria-labelledby=\"field_qpv563_label\" role=\"radiogroup\" aria-required=\"true\">\t\t<div class=\"frm_radio\" id=\"frm_radio_35-0\">\t\t\t<label  for=\"field_qpv563-0\">\n\t\t\t\t\t<input type=\"radio\" name=\"item_meta[35]\" id=\"field_qpv563-0\" value=\"Treten Sie unserem Netzwerk bei\"\n\t\t data-reqmsg=\"Veuillez pr\u00e9ciser la nature de votre demande.\" data-invmsg=\"Sie kontaktieren uns f\u00fcr: ist ung\u00fcltig\"   \/> Treten Sie unserem Netzwerk bei<\/label><\/div>\n\t\t<div class=\"frm_radio\" id=\"frm_radio_35-1\">\t\t\t<label  for=\"field_qpv563-1\">\n\t\t\t\t\t<input type=\"radio\" name=\"item_meta[35]\" id=\"field_qpv563-1\" value=\"Eine Informationsanfrage\"\n\t\t data-reqmsg=\"Veuillez pr\u00e9ciser la nature de votre demande.\" data-invmsg=\"Sie kontaktieren uns f\u00fcr: ist ung\u00fcltig\"   \/> Eine Informationsanfrage<\/label><\/div>\n\t\t<div class=\"frm_radio\" id=\"frm_radio_35-2\">\t\t\t<label  for=\"field_qpv563-2\">\n\t\t\t\t\t<input type=\"radio\" name=\"item_meta[35]\" id=\"field_qpv563-2\" value=\"Informationen kommunizieren\"\n\t\t data-reqmsg=\"Veuillez pr\u00e9ciser la nature de votre demande.\" data-invmsg=\"Sie kontaktieren uns f\u00fcr: ist ung\u00fcltig\"   \/> Informationen kommunizieren<\/label><\/div>\n<\/div>\r\n    \r\n    \r\n<\/div>\n<div id=\"frm_field_36_container\" class=\"frm_form_field form-field  frm_required_field frm_top_container\">\r\n    <label for=\"field_562sb4\" id=\"field_562sb4_label\" class=\"frm_primary_label\">Ihre Anfrage\r\n        <span class=\"frm_required\" aria-hidden=\"true\">*<\/span>\r\n    <\/label>\r\n    <textarea name=\"item_meta[36]\" id=\"field_562sb4\" rows=\"5\"  data-reqmsg=\"Veuillez pr\u00e9ciser votre demande.\" aria-required=\"true\" data-invmsg=\"Ihre Anfrage ist ung\u00fcltig\" aria-invalid=\"false\"  ><\/textarea>\r\n    \r\n    \r\n<\/div>\n<div id=\"frm_field_37_container\" class=\"frm_form_field form-field  frm_none_container\">\r\n    <label for=\"g-recaptcha-response\" id=\"field_uh17q3_label\" class=\"frm_primary_label\">reCAPTCHA\r\n        <span class=\"frm_required\" aria-hidden=\"true\"><\/span>\r\n    <\/label>\r\n    <div  id=\"field_uh17q3\" class=\"frm-g-recaptcha\" data-sitekey=\"6Lc1VTgpAAAAAJlWvMYfIffO-b6Fb9i9dV6Pgudh\" data-size=\"invisible\" data-theme=\"light\"><\/div>\r\n    \r\n    \r\n<\/div>\n<div id=\"frm_field_44_container\" class=\"frm_form_field form-field \">\n\t<div class=\"frm_submit\">\r\n\r\n<button class=\"frm_button_submit\" type=\"submit\"  >Ihre Anfrage<\/button>\r\n\r\n\r\n<\/div>\n<\/div>\n\t<input type=\"hidden\" name=\"item_key\" value=\"\" \/>\n\t\t\t<div id=\"frm_field_46_container\">\n\t\t\t<label for=\"field_faxsu\" >\n\t\t\t\tFalls Du menschlich bist, lasse dieses Feld leer.\t\t\t<\/label>\n\t\t\t<input  id=\"field_faxsu\" type=\"text\" class=\"frm_form_field form-field frm_verify\" name=\"item_meta[46]\" value=\"\"  \/>\n\t\t<\/div>\n\t\t<input name=\"frm_state\" type=\"hidden\" value=\"x2cAqqI\/EbHEqQ2YT1yq17djtsrWQVK4+I0ogBVsCt4=\" \/><\/div>\n<\/fieldset>\n<\/div>\n\n<\/form>\n<\/div>\n<\/div><\/div>\n\n\n\n<div style=\"height:100px\" aria-hidden=\"true\" class=\"wp-block-spacer\"><\/div>\n","protected":false},"excerpt":{"rendered":"<p>Vous \u00eates une association en rapport avec Robert Louis Stevenson et vous souhaitez rejoindre notre r\u00e9seau. Laissez-nous vos coordonn\u00e9es, nous vous contacterons rapidement afin d&#8217;\u00e9voquer votre adh\u00e9sion.<\/p>\n","protected":false},"author":1,"featured_media":0,"parent":0,"menu_order":0,"comment_status":"closed","ping_status":"closed","template":"","meta":{"footnotes":""},"class_list":["post-853","page","type-page","status-publish","hentry"],"_links":{"self":[{"href":"https:\/\/www.rlstevenson-europe.org\/de\/wp-json\/wp\/v2\/pages\/853","targetHints":{"allow":["GET"]}}],"collection":[{"href":"https:\/\/www.rlstevenson-europe.org\/de\/wp-json\/wp\/v2\/pages"}],"about":[{"href":"https:\/\/www.rlstevenson-europe.org\/de\/wp-json\/wp\/v2\/types\/page"}],"author":[{"embeddable":true,"href":"https:\/\/www.rlstevenson-europe.org\/de\/wp-json\/wp\/v2\/users\/1"}],"replies":[{"embeddable":true,"href":"https:\/\/www.rlstevenson-europe.org\/de\/wp-json\/wp\/v2\/comments?post=853"}],"version-history":[{"count":4,"href":"https:\/\/www.rlstevenson-europe.org\/de\/wp-json\/wp\/v2\/pages\/853\/revisions"}],"predecessor-version":[{"id":1351,"href":"https:\/\/www.rlstevenson-europe.org\/de\/wp-json\/wp\/v2\/pages\/853\/revisions\/1351"}],"wp:attachment":[{"href":"https:\/\/www.rlstevenson-europe.org\/de\/wp-json\/wp\/v2\/media?parent=853"}],"curies":[{"name":"wp","href":"https:\/\/api.w.org\/{rel}","templated":true}]}}