{"id":711,"date":"2023-09-28T15:02:12","date_gmt":"2023-09-28T13:02:12","guid":{"rendered":"http:\/\/www.rlstevenson-europe.org\/robert-louis-stevenson-der-mann-des-schreibens\/academie\/"},"modified":"2025-10-10T17:11:43","modified_gmt":"2025-10-10T15:11:43","slug":"akademie","status":"publish","type":"page","link":"https:\/\/www.rlstevenson-europe.org\/de\/robert-louis-stevenson-der-mann-des-schreibens\/akademie\/","title":{"rendered":"Akademie Robert Louis Stevenson"},"content":{"rendered":"\n<p class=\"has-28-px-font-size\"><strong>Die Werke von RLS werden weiterhin verlegt, haben regelm\u00e4\u00dfig neue \u00dcbersetzungen sowie neue Adaptionen in Comics, f\u00fcr das Kino oder die B\u00fchne.<\/strong><\/p>\n\n\n\n<p>Einige Universit\u00e4ten (Edinburgh, Bordeaux) widmen Stevenson wichtige Arbeiten, aber es gibt auch viele unabh\u00e4ngige Akademiker auf der ganzen Welt. Die lange und geduldige Arbeit einer Gruppe von begeisterten Akademikern hat zur Gr\u00fcndung der Edinburgh New Edition of Stevenson&#8217;s Works gef\u00fchrt.<\/p>\n\n\n\n<figure class=\"wp-block-image size-full\"><img loading=\"lazy\" decoding=\"async\" width=\"1024\" height=\"768\" src=\"https:\/\/www.rlstevenson-europe.org\/wp-content\/uploads\/2023\/09\/membres-academie-robert-louis-stevenson.jpg\" alt=\"Mitglieder der Robert Louis Stevenson Academy\" class=\"wp-image-211\" srcset=\"https:\/\/www.rlstevenson-europe.org\/wp-content\/uploads\/2023\/09\/membres-academie-robert-louis-stevenson.jpg 1024w, https:\/\/www.rlstevenson-europe.org\/wp-content\/uploads\/2023\/09\/membres-academie-robert-louis-stevenson-300x225.jpg 300w, https:\/\/www.rlstevenson-europe.org\/wp-content\/uploads\/2023\/09\/membres-academie-robert-louis-stevenson-768x576.jpg 768w, https:\/\/www.rlstevenson-europe.org\/wp-content\/uploads\/2023\/09\/membres-academie-robert-louis-stevenson-450x338.jpg 450w, https:\/\/www.rlstevenson-europe.org\/wp-content\/uploads\/2023\/09\/membres-academie-robert-louis-stevenson-800x600.jpg 800w\" sizes=\"auto, (max-width: 1024px) 100vw, 1024px\" \/><figcaption class=\"wp-element-caption\">Mitglieder der Robert Louis Stevenson Academy<\/figcaption><\/figure>\n\n\n\n<p>Neben der umfangreichen Website, die von der Napier University in Edinburgh betrieben wird <a href=\"https:\/\/robert-louis-stevenson.org\/\" target=\"_blank\" rel=\"noopener\">https:\/\/robert-louis-stevenson.org<\/a>\/ , gibt es auch eine Reihe anderer digitaler Ressourcen f\u00fcr Akademiker, wie z.B. <a href=\"https:\/\/twitter.com\/RLSte\" target=\"_blank\" rel=\"noopener\">https:\/\/twitter.com\/RLSte<\/a> <a href=\"https:\/\/lettersofrobertlouisstevenson.wordpress.com\/\" target=\"_blank\" rel=\"noopener\">https:\/\/lettersofrobertlouisstevenson.wordpress.com\/<\/a> <a href=\"https:\/\/edrls.wordpress.com\/\" target=\"_blank\" rel=\"noopener\">https:\/\/edrls.wordpress.com\/<\/a>.<\/p>\n\n\n\n<p>Es gibt zahlreiche literarische Quellen, sowohl in Gro\u00dfbritannien, z. B. in der National Library of Scotland, an der Napier University mit ihrer Mehew Collection, als auch in Amerika, z. B. in der Beinecke Collection in Yale.<\/p>\n\n\n\n<p>Es werden internationale Konferenzen organisiert, wie 2022 in Bordeaux.<\/p>\n\n\n\n<p>Das europ\u00e4ische Netzwerk\u00a0 \u201eAuf den Spuren von Robert Louis Stevenson\u201c st\u00fctzt sich auf dieses breite Spektrum an Personen und Ressourcen. Ein aktuelles Beispiel war die Entwicklung der Kulturroute nach Menton in S\u00fcdfrankreich.<\/p>\n\n\n\n<div style=\"height:100px\" aria-hidden=\"true\" class=\"wp-block-spacer\"><\/div>\n","protected":false},"excerpt":{"rendered":"<p>Die Werke von RLS werden weiterhin verlegt, haben regelm\u00e4\u00dfig neue \u00dcbersetzungen sowie neue Adaptionen in Comics, f\u00fcr das Kino oder die B\u00fchne. Einige Universit\u00e4ten (Edinburgh, Bordeaux) widmen Stevenson wichtige Arbeiten, aber es gibt auch viele unabh\u00e4ngige Akademiker auf der ganzen Welt. Die lange und geduldige Arbeit einer Gruppe von begeisterten Akademikern hat zur Gr\u00fcndung der [&hellip;]<\/p>\n","protected":false},"author":1,"featured_media":522,"parent":644,"menu_order":0,"comment_status":"closed","ping_status":"closed","template":"","meta":{"footnotes":""},"class_list":["post-711","page","type-page","status-publish","has-post-thumbnail","hentry"],"_links":{"self":[{"href":"https:\/\/www.rlstevenson-europe.org\/de\/wp-json\/wp\/v2\/pages\/711","targetHints":{"allow":["GET"]}}],"collection":[{"href":"https:\/\/www.rlstevenson-europe.org\/de\/wp-json\/wp\/v2\/pages"}],"about":[{"href":"https:\/\/www.rlstevenson-europe.org\/de\/wp-json\/wp\/v2\/types\/page"}],"author":[{"embeddable":true,"href":"https:\/\/www.rlstevenson-europe.org\/de\/wp-json\/wp\/v2\/users\/1"}],"replies":[{"embeddable":true,"href":"https:\/\/www.rlstevenson-europe.org\/de\/wp-json\/wp\/v2\/comments?post=711"}],"version-history":[{"count":3,"href":"https:\/\/www.rlstevenson-europe.org\/de\/wp-json\/wp\/v2\/pages\/711\/revisions"}],"predecessor-version":[{"id":2125,"href":"https:\/\/www.rlstevenson-europe.org\/de\/wp-json\/wp\/v2\/pages\/711\/revisions\/2125"}],"up":[{"embeddable":true,"href":"https:\/\/www.rlstevenson-europe.org\/de\/wp-json\/wp\/v2\/pages\/644"}],"wp:featuredmedia":[{"embeddable":true,"href":"https:\/\/www.rlstevenson-europe.org\/de\/wp-json\/wp\/v2\/media\/522"}],"wp:attachment":[{"href":"https:\/\/www.rlstevenson-europe.org\/de\/wp-json\/wp\/v2\/media?parent=711"}],"curies":[{"name":"wp","href":"https:\/\/api.w.org\/{rel}","templated":true}]}}