{"id":652,"date":"2023-10-09T12:43:47","date_gmt":"2023-10-09T10:43:47","guid":{"rendered":"http:\/\/www.rlstevenson-europe.org\/robert-louis-stevenson-der-mann-des-schreibens\/bibliographie\/"},"modified":"2025-10-10T18:13:36","modified_gmt":"2025-10-10T16:13:36","slug":"literaturverzeichnis","status":"publish","type":"page","link":"https:\/\/www.rlstevenson-europe.org\/de\/robert-louis-stevenson-der-mann-des-schreibens\/literaturverzeichnis\/","title":{"rendered":"Literaturverzeichnis"},"content":{"rendered":"\n<h2 class=\"wp-block-heading\">Romane<\/h2>\n\n\n\n<ul class=\"wp-block-list\">\n<li>Treasure Island. Cassell, London 1883.<br>Die Schatzinsel. Dt. zuerst 1897; diverse Ausgaben weiterer \u00dcbersetzungen, darunter Insel (tb 65), Frankfurt am Main 2008, ISBN 978-3-458-31765-4.<\/li>\n\n\n\n<li>Neuere Ausgabe: Die Schatzinsel. Roman. Hrsg. u. \u00fcbers. von Andreas Nohl. Hanser, M\u00fcnchen 2013.<\/li>\n\n\n\n<li>Prince Otto. 1885; dt.: Intrigen am Thron. \u00dcbersetzung von Klaus-Dieter Sedlacek. BOD, Norderstedt 2012, ISBN 978-3-8482-0065-8.<\/li>\n\n\n\n<li>Strange Case of Dr Jekyll and Mr Hyde. 1886.dt.: Der seltsame Fall des Dr. Jekyll und Mr. Hyde. Illustrationen von Fran\u00e7ois Place, \u00dcbersetzung von Hermann Wilhelm Draber. Gerstenberg, Hildesheim 2002, ISBN 3-8067-4767-9.<\/li>\n\n\n\n<li>Kidnapped. 1886.<br>dt.: Die Entf\u00fchrung. Neu illustriert von Gerhard Oberl\u00e4nder. Hoch-Verlag, D\u00fcsseldorf 1969.<br>als dtv-junior-Taschenbuch: dtv, M\u00fcnchen 1973, ISBN 3-423-07081-1.<br>Entf\u00fchrt. Die Abenteuer des David Balfour. Dressler, Hamburg 1999, ISBN 3-7915-3559-5.<\/li>\n\n\n\n<li>The Black Arrow. A Tale of Two Roses. 1888.<br>dt.: Der schwarze Pfeil. L\u00fcbbe, Bergisch Gladbach 2000, ISBN 3-404-14401-5.<\/li>\n\n\n\n<li>The Master of Ballantrae. A Winter\u2019s Tale. 1889.<br>dt.: Der Junker von Ballantrae. Oder auch Der Erbe von Ballantrae. Velhagen, erste deutsche Ausgabe 1895; Artemis &amp; Winkler, Z\u00fcrich 1988, ISBN 3-538-06611-6.<\/li>\n\n\n\n<li>Catriona. 1893.<br>dt.: Catriona. 1925: Eine Fortsetzung zu Kidnapped. Beide Romane in einem Band. Moewig, M\u00fcnchen 1977, ISBN 3-8118-0005-1.<\/li>\n\n\n\n<li>Weir of Hermiston: An Unfinished Romance. Unvollendeter Roman, hrsg. 1896.<br>dt.: Die Herren von Hermiston, 1927; Neuauflage: Diogenes, Z\u00fcrich 1999, ISBN 3-257-20702-6.<\/li>\n\n\n\n<li>St. Ives: Being The Adventures of a French Prisoner in England. Unvollendeter Roman. W. Heinemann, London 1897.<br>St. Ives. Deutsch von Andreas Nohl. Hanser, M\u00fcnchen 2011, ISBN 978-3-446-23647-9.<\/li>\n<\/ul>\n\n\n\n<h2 class=\"wp-block-heading\">Gemeinsam mit Lloyd Osbourne<\/h2>\n\n\n\n<ul class=\"wp-block-list\">\n<li>The Wrong Box. 1892<br>dt. Die falsche Kiste. Roman. Insel, Frankfurt am Main 1994, ISBN 3-458-33305-3.<\/li>\n\n\n\n<li>The Wrecker. 1892.<br>dt. Der Ausschlachter. Ein Criminalroman. Neu \u00fcbersetzt und mit einem Nachwort von Hanna Neves. dtv, M\u00fcnchen 1994, ISBN 3-423-02343-0 (seit 2012 u. d. T. Der Strandr\u00e4uber. ISBN 978-3-423-14121-5.)<\/li>\n\n\n\n<li>The Ebb Tide. 1894.<br>Die Ebbe. Aus dem Engl. erstmals \u00fcbers. und mit Anm. vers. von Klaus Modick. 1. Auflage. Haffmans, Z\u00fcrich 1998, ISBN 3-251-20282-0.<br>Die Ebbe. Neu \u00fcbersetzt und mit einem Nachwort versehen von Klaus Modick. Manesse, Z\u00fcrich 2012, ISBN 978-3-7175-2244-7.<\/li>\n<\/ul>\n\n\n\n<h2 class=\"wp-block-heading\">Erz\u00e4hlungen und Kurzgeschichten<\/h2>\n\n\n\n<ul class=\"wp-block-list\">\n<li>The Story of a Lie. In: New Quarterly Magazine 25. Oct 1879; dt. Die Geschichte einer L\u00fcge. Winkler 1960.<\/li>\n\n\n\n<li>New Arabian Nights. 1882; Erz\u00e4hlungssammlung, darin:\n<ul class=\"wp-block-list\">\n<li>The Suicide Club.<br>dt. Der Selbstm\u00f6rderclub. Winkler 1960.<\/li>\n\n\n\n<li>The Rajah\u2019s Diamond.<br>dt. Der Diamant des Radschas. Winkler 1960.<\/li>\n\n\n\n<li>The Pavillon on the Links.<br>dt. Der Pavillon auf den D\u00fcnen. Winkler 1960.<\/li>\n\n\n\n<li>A Lodging for the Night \u2013 a Story of Francis Villon.<br>dt. Ein Nachtquartier. Winkler 1960.<\/li>\n\n\n\n<li>The Sire de Mal\u00e9troit\u2019s Door.<br>dt. Die T\u00fcr des Sire de Mal\u00e9troit. Winkler 1960.<\/li>\n\n\n\n<li>Providence and the Guitar.<br>dt. Die Vorsehung und die Gitarre. Winkler 1960.<\/li>\n\n\n\n<li>The Body Snatcher. 1884.<br>dt. Der Leichenr\u00e4uber. Winkler 1960<\/li>\n\n\n\n<li>The Body Snatcher. 1884.<br>dt. Der Leichenr\u00e4uber. Winkler 1960<\/li>\n<\/ul>\n<\/li>\n\n\n\n<li>More New Arabian Nights: The Dynamiter. Gemeinsam verfasst mit Fanny Stevenson. 1885. Erz\u00e4hlungszyklus.<br>dt.: Der Dynamitverschw\u00f6rer \u2013 Neue arabische N\u00e4chte. Achilla Presse, Butjadingen 2006, ISBN 3-928398-93-8.<\/li>\n\n\n\n<li>The Strange Case of Dr. Jekyll and Mr. Hyde. 1886.<br>deutsche Erstausgabe 1889; dt. Der seltsame Fall des Dr. Jekyll und Mr. Hyde. u. a. Winkler 1960, Hildesheim 2002, ISBN 3-8067-4767-9.<\/li>\n\n\n\n<li>The Misadventures of John Nicholson. A Christmas Story. In: Yule Tide. Cassell\u2019s Christmas Annual. Dec 1887.<br>dt. Die ungl\u00fccklichen Abenteuer John Nicholsons. Winkler 1960.<\/li>\n\n\n\n<li>The Merry Men and Other Tales and Fables. 1887. Erz\u00e4hlungssammlung, darin:<\/li>\n\n\n\n<li>The Merry Men.<br>dt. Die tollen M\u00e4nner. Winkler 1960.<\/li>\n\n\n\n<li>Will o\u2019 the Mill. 1878.<br>dt. Will aus der M\u00fchle. Winkler 1960.<\/li>\n\n\n\n<li>Markheim. 1886.<br>dt. Markheim. Winkler 1960.<\/li>\n\n\n\n<li>Thrawn Janet. 1881.<br>dt. Die krumme Janet. Winkler 1960 oder auch Die verdrehte Janet. jmb, Hannover 2010, ISBN 978-3-940970-82-4.<\/li>\n\n\n\n<li>Olalla. 1885.<br>dt. Olalla. Winkler 1960<\/li>\n\n\n\n<li>The Treasure of Franchard. 1883.<br>dt. Der Schatz von Franchard. Winkler 1960.<\/li>\n\n\n\n<li>Island Nights Entertainments. 1893. Erz\u00e4hlungssammlung, darin:\n<ul class=\"wp-block-list\">\n<li>The Beach of Fales\u00e0. 1892.<br>dt. Der Strand von Falesa. Winkler 1960.<\/li>\n\n\n\n<li>The Bottle Imp. 1891.<br>dt. Der Flaschenteufel. Winkler 1960; oder auch Der Flaschenkobold. Ditzingen 1986: ISBN 3-15-006765-0.<\/li>\n\n\n\n<li>The Isle of Voices. 1893.<br>dt. Die Insel der Stimmen. Winkler 1960.<\/li>\n<\/ul>\n<\/li>\n\n\n\n<li>Fables. 1896. In: Strange Case of Dr. Jekyll and Mr. Hyde. With other Fables.<\/li>\n\n\n\n<li>The Waif Woman. In: Scribner\u2019s Magazin. 1914.<br>dt. Die Landfremde. Winkler 1960.<\/li>\n\n\n\n<li>When the Devil Was Well. Bibliophile Society, Boston; 1921.<br>dt. Als der Teufel wieder wohlauf war. Winkler 1960.<\/li>\n<\/ul>\n\n\n\n<h2 class=\"wp-block-heading\">Lyrik<\/h2>\n\n\n\n<ul class=\"wp-block-list\">\n<li>A Child\u2019s Garden of Verses. 1885.<br>dt.: Im Versgarten. 1960 \u2013 auch: Mein Bett ist ein Boot. Der Versgarten eines Kindes. Lappan Verlag, Oldenburg 2002, ISBN 3-8303-1062-5.<\/li>\n\n\n\n<li>Underwoods. 1887.<\/li>\n\n\n\n<li>Ballads. 1890.<\/li>\n\n\n\n<li>Songs of Travel and Other Verses. 1896.<\/li>\n<\/ul>\n\n\n\n<h2 class=\"wp-block-heading\">St\u00fccke<\/h2>\n\n\n\n<ul class=\"wp-block-list\">\n<li>Three Plays by W. E. Henley and R.L. Stevenson, 1892. Enth\u00e4lt die St\u00fccke Admiral Guinea, Beau Austin und Deacon Brodie or the Double Life.<\/li>\n\n\n\n<li>The Hanging Judge. Gemeinsam mit Fanny Stevenson. Lloyd Osbournes Vailima-Edition, Band 6, New York 1922.<\/li>\n\n\n\n<li>Macaire. Gemeinsam mit W. E. Henley 1895, nach Privatdruck 1885.<\/li>\n<\/ul>\n\n\n\n<h2 class=\"wp-block-heading\">Reiseberichte<\/h2>\n\n\n\n<ul class=\"wp-block-list\">\n<li>An Inland Voyage. 1878.<br>dt.: Eine Binnenlandfahrt durch Belgien und Frankreich. hohesufer.com, Hannover 2010, ISBN 978-3-941513-15-0.<br>dt.: Das Licht der Fl\u00fcsse. Eine Sommererz\u00e4hlung. Herausgegeben und \u00fcbersetzt von Alexander Pechmann. Aufbau Verlag, Berlin 2011, ISBN 978-3-351-03348-4.<\/li>\n\n\n\n<li>Travels with a Donkey in the C\u00e9vennes. 1879.<br>dt.: Eine Reise mit dem Esel durch die Cevennen. Editions La Colombe, Bergisch Gladbach 2000, ISBN 3-929351-12-9.<br>Reise mit einem Esel durch die Cevennen. hohesufer.com, Hannover 2009, ISBN 978-3-941513-02-0.<\/li>\n\n\n\n<li>Silverado Squatters. 1884.<br>dt.: Faszinierendes Silverado. Impressionen aus dem Jahr 1880. Deutsch von Olaf R. Spittel. Verlag 28 Eichen, Barnstorf 2021, ISBN 978-3-96027-133-8.<\/li>\n\n\n\n<li>The Amateur Emigrant. 1895.<br>dt.: Emigrant aus Leidenschaft. Ein literarischer Reisebericht. Manesse Verlag, Z\u00fcrich 2005, ISBN 3-7175-2030-X (enth\u00e4lt auch eine \u00dcbersetzung von Across the Plains).<\/li>\n\n\n\n<li>In the South Seas. 1896.<br>dt.: In der S\u00fcdsee. \u00dcbersetzt von Heinrich Siemer (1928). Neuausgabe Belle \u00c9poque Verlag, Dettenhausen 2017, ISBN 978-3-945796-69-6.<\/li>\n<\/ul>\n\n\n\n<h2 class=\"wp-block-heading\">Sammlungen, Essays zur Literatur- und Zeitgeschichte, Politik<\/h2>\n\n\n\n<ul class=\"wp-block-list\">\n<li>Edinburgh: Picturesque Notes. 1878.<\/li>\n\n\n\n<li>dt. Faszinierendes Edinburgh: Impressionen aus dem Jahre 1879. Deutsch von Nadine Erler und Olaf Spittel. Verlag 28 Eichen, Barnstorf 2020, ISBN 978-3-96027-123-9.<\/li>\n\n\n\n<li>Virginibus Puerisque and other Papers. 1881.<\/li>\n\n\n\n<li>dt.: Virginibus Puerisque und andere Schriften. Achilla Presse, 1995.<\/li>\n\n\n\n<li>Familiar Studies of Men and Books. 1882.<\/li>\n\n\n\n<li>Memories and Portraits. 1887.<\/li>\n\n\n\n<li>Father Damien: An Open Letter to the Reverend Doctor Hyde of Honolulu from Robert Louis Stevenson. 1890.<\/li>\n\n\n\n<li>dt. von Rainer G. Schmidt: Aussatz. Ein offener Brief an Ehrw\u00fcrden Dr. Hyde in Honolulu. Friedenauer Presse, Berlin 2013, ISBN 978-3-932109-79-9.<\/li>\n\n\n\n<li>Across the Plains With Other Memories and Essays. 1892.<\/li>\n\n\n\n<li>dt.: Emigrant aus Leidenschaft. Ein literarischer Reisebericht. Manesse Verlag, Z\u00fcrich 2005, ISBN 3-7175-2030-X.<\/li>\n\n\n\n<li>A Footnote to History, Eight Years of Trouble in Samoa. 1890.dt.: Eine Fu\u00dfnote zur Geschichte \u2013 Acht Jahre Unruhen auf Samoa. Achilla Presse, 2001, ISBN 3-928398-76-8.<\/li>\n<\/ul>\n\n\n\n<h2 class=\"wp-block-heading\">Werke von Fanny Stevenson<\/h2>\n\n\n\n<p><\/p>\n\n\n\n<ul class=\"wp-block-list\">\n<li>Fanny Stevenson: Kurs auf die S\u00fcdsee. Das Tagebuch der Mrs. Robert Louis Stevenson. Reisebericht aus 1890, hrsg. von Roslyn Jolly. National Geographic, Frederking und Taler, M\u00fcnchen 2005, ISBN 3-89405-494-8.<\/li>\n\n\n\n<li>Fanny und Robert Louis Stevenson: S\u00fcdseejahre. Eine ungew\u00f6hnliche Ehe in Tageb\u00fcchern und Briefen. \u00dcbersetzt und herausgegeben von Lucien Deprijck. Deutsche Erstausgabe. Mare Verlag, Hamburg 2011, ISBN 978-3-86648-152-7.<\/li>\n<\/ul>\n\n\n\n<div style=\"height:100px\" aria-hidden=\"true\" class=\"wp-block-spacer\"><\/div>\n","protected":false},"excerpt":{"rendered":"<p>Romane Gemeinsam mit Lloyd Osbourne Erz\u00e4hlungen und Kurzgeschichten Lyrik St\u00fccke Reiseberichte Sammlungen, Essays zur Literatur- und Zeitgeschichte, Politik Werke von Fanny Stevenson<\/p>\n","protected":false},"author":1,"featured_media":968,"parent":644,"menu_order":0,"comment_status":"closed","ping_status":"closed","template":"","meta":{"footnotes":""},"class_list":["post-652","page","type-page","status-publish","has-post-thumbnail","hentry"],"_links":{"self":[{"href":"https:\/\/www.rlstevenson-europe.org\/de\/wp-json\/wp\/v2\/pages\/652","targetHints":{"allow":["GET"]}}],"collection":[{"href":"https:\/\/www.rlstevenson-europe.org\/de\/wp-json\/wp\/v2\/pages"}],"about":[{"href":"https:\/\/www.rlstevenson-europe.org\/de\/wp-json\/wp\/v2\/types\/page"}],"author":[{"embeddable":true,"href":"https:\/\/www.rlstevenson-europe.org\/de\/wp-json\/wp\/v2\/users\/1"}],"replies":[{"embeddable":true,"href":"https:\/\/www.rlstevenson-europe.org\/de\/wp-json\/wp\/v2\/comments?post=652"}],"version-history":[{"count":2,"href":"https:\/\/www.rlstevenson-europe.org\/de\/wp-json\/wp\/v2\/pages\/652\/revisions"}],"predecessor-version":[{"id":2127,"href":"https:\/\/www.rlstevenson-europe.org\/de\/wp-json\/wp\/v2\/pages\/652\/revisions\/2127"}],"up":[{"embeddable":true,"href":"https:\/\/www.rlstevenson-europe.org\/de\/wp-json\/wp\/v2\/pages\/644"}],"wp:featuredmedia":[{"embeddable":true,"href":"https:\/\/www.rlstevenson-europe.org\/de\/wp-json\/wp\/v2\/media\/968"}],"wp:attachment":[{"href":"https:\/\/www.rlstevenson-europe.org\/de\/wp-json\/wp\/v2\/media?parent=652"}],"curies":[{"name":"wp","href":"https:\/\/api.w.org\/{rel}","templated":true}]}}