{"id":644,"date":"2023-09-27T16:26:52","date_gmt":"2023-09-27T14:26:52","guid":{"rendered":"http:\/\/www.rlstevenson-europe.org\/robert-louis-stevenson\/"},"modified":"2025-10-10T17:05:44","modified_gmt":"2025-10-10T15:05:44","slug":"robert-louis-stevenson-der-mann-des-schreibens","status":"publish","type":"page","link":"https:\/\/www.rlstevenson-europe.org\/de\/robert-louis-stevenson-der-mann-des-schreibens\/","title":{"rendered":"Robert Louis Stevenson"},"content":{"rendered":"\n<h2 class=\"wp-block-heading\">Robert Louis Stevenson, <br>der Mann des Schreibens<\/h2>\n\n\n\n<p>\u201eDie Schatzinsel\u201c und \u201eDer seltsame Fall des Dr. Jekyll und Mr. Hyde\u201c sind universelle Bestseller, die jedes Jahr neu aufgelegt und \u00fcbersetzt, verfilmt und in Comics verarbeitet werden. Das Werk dieses Schriftstellers besteht nicht nur aus diesen B\u00fcchern. \u201eDer Meister von Ballantrae\u201c, \u201eEntf\u00fchrt\u201c und \u201eDer schwarze Pfeil\u201c sind ebenfalls Kassenschlager, ebenso wie alle seine Kurzgeschichten, Gedichte und S\u00fcdseegeschichten<\/p>\n\n\n\n<figure class=\"wp-block-image size-full\"><img loading=\"lazy\" decoding=\"async\" width=\"1024\" height=\"682\" src=\"https:\/\/www.rlstevenson-europe.org\/wp-content\/uploads\/2023\/09\/portrait-robert-louis-stevenson-noir-et-blanc.jpg\" alt=\"portrait Robert Louis Stevenson noir et blanc\" class=\"wp-image-201\" srcset=\"https:\/\/www.rlstevenson-europe.org\/wp-content\/uploads\/2023\/09\/portrait-robert-louis-stevenson-noir-et-blanc.jpg 1024w, https:\/\/www.rlstevenson-europe.org\/wp-content\/uploads\/2023\/09\/portrait-robert-louis-stevenson-noir-et-blanc-300x200.jpg 300w, https:\/\/www.rlstevenson-europe.org\/wp-content\/uploads\/2023\/09\/portrait-robert-louis-stevenson-noir-et-blanc-768x512.jpg 768w, https:\/\/www.rlstevenson-europe.org\/wp-content\/uploads\/2023\/09\/portrait-robert-louis-stevenson-noir-et-blanc-450x300.jpg 450w, https:\/\/www.rlstevenson-europe.org\/wp-content\/uploads\/2023\/09\/portrait-robert-louis-stevenson-noir-et-blanc-901x600.jpg 901w\" sizes=\"auto, (max-width: 1024px) 100vw, 1024px\" \/><\/figure>\n\n\n\n<h3 class=\"wp-block-heading\">Der Mann der Reisen<\/h3>\n\n\n\n<p>Auf der Suche nach einem Klima, das seine Atembeschwerden lindern konnte, entfernte sich der Schriftsteller von Schottland, wo er 1850 geboren wurde, und beendete sein Leben im Alter von 44 Jahren unter den Bewohnern von Samoa in Ozeanien. In der Zwischenzeit reiste er durch Europa, im Kanu von Antwerpen nach Pontoise, und durch Frankreich, zu Fu\u00df in den Cevennen, mit Modestine, seiner Eselin. Er hielt sich unweit von Fontainebleau auf, wo er mit den K\u00fcnstlerkolonien zwischen Barbizon und Grez-sur-Loing sowie Ch\u00e2tillon-sur-Loire verkehrte. Er schrieb auch in der Schweiz, lebte in den USA und segelte im Pazifik.<\/p>\n\n\n\n<figure class=\"wp-block-image size-full\"><img loading=\"lazy\" decoding=\"async\" width=\"1024\" height=\"768\" src=\"https:\/\/www.rlstevenson-europe.org\/wp-content\/uploads\/2023\/09\/payasage-menhir.jpg\" alt=\"Voyages de Robert louis Stevenson\" class=\"wp-image-206\" srcset=\"https:\/\/www.rlstevenson-europe.org\/wp-content\/uploads\/2023\/09\/payasage-menhir.jpg 1024w, https:\/\/www.rlstevenson-europe.org\/wp-content\/uploads\/2023\/09\/payasage-menhir-300x225.jpg 300w, https:\/\/www.rlstevenson-europe.org\/wp-content\/uploads\/2023\/09\/payasage-menhir-768x576.jpg 768w, https:\/\/www.rlstevenson-europe.org\/wp-content\/uploads\/2023\/09\/payasage-menhir-450x338.jpg 450w, https:\/\/www.rlstevenson-europe.org\/wp-content\/uploads\/2023\/09\/payasage-menhir-800x600.jpg 800w\" sizes=\"auto, (max-width: 1024px) 100vw, 1024px\" \/><\/figure>\n\n\n\n<h3 class=\"wp-block-heading\">Der Mann der Begegnungen<\/h3>\n\n\n\n<p>F\u00fcr Stevenson war das Reisen kein Vorwand oder eine Flucht, sondern eine Gelegenheit f\u00fcr Begegnungen. Die Berichte \u00fcber seine Reisen in Europa gelten als wahre ethnografische Beschreibungen der Menschen und L\u00e4nder. Auf den Pazifikinseln angekommen, schreibt Stevenson Kurzgeschichten und M\u00e4rchen, die die bis dahin von den Mythen des Kolonialismus gepr\u00e4gte Sicht auf die Gesellschaften Ozeaniens grundlegend erneuern.<\/p>\n\n\n\n<h2 class=\"wp-block-heading\">Reiseschriftsteller, <br>Abenteurer, Idealist<\/h2>\n\n\n\n<p>Robert Louis Stevenson steht im Mittelpunkt unseres Netzwerks, das sich um das Teilen s\u00e4kularer, humanistischer Werte gebildet hat, die auf der Offenheit gegen\u00fcber anderen und der Toleranz gegen\u00fcber Unterschieden beruhen. Als Reiseschriftsteller, Abenteurer und Idealist hat Stevenson seine Zeit und die Gebiete, die er durchquert hat, sowohl durch sein literarisches Werk als auch durch seine tiefe Menschlichkeit gepr\u00e4gt.<\/p>\n\n\n\n<p>Zwischen Wohlt\u00e4tigkeitsorganisationen, Projekten f\u00fcr Menschen mit sozialen Schwierigkeiten, Fachleuten aus den Bereichen Tourismus und Kulturerbe sowie Sportvereinen ist die Vielfalt manchmal sehr gro\u00df, aber sie macht auch den Reichtum dieses europ\u00e4ischen Netzwerks aus, dessen Mitglieder ein gemeinsames Ziel verfolgen: die Werte des Schriftstellers, seine Offenheit und Weltoffenheit sowie die Sch\u00f6nheit seines sehr gro\u00dfen literarischen Werks zu vermitteln. Das Markenzeichen unseres Netzwerks ist seine menschliche Dimension: Gepr\u00e4gt von Freundschaft, ist es ein Gewimmel von kleinen, ehrgeizigen Strukturen, die sich um ein gemeinsames Projekt versammelt haben: die Existenz eines europ\u00e4ischen literarischen Erbes zu demonstrieren und damit den Begriff der Unionsb\u00fcrgerschaft zu f\u00f6rdern.<\/p>\n\n\n\n<div style=\"height:150px\" aria-hidden=\"true\" class=\"wp-block-spacer\"><\/div>\n\n\n<div class=\"lazyblock-reperes-bibliographiques-1imcGp alignfull alignfull  wp-block-lazyblock-reperes-bibliographiques\"><span id=\"reperes\"><\/span>\n<div class=\"biographie\">\n  <div class=\"opaque\">\n  <div class=\"top\">\n    <h4 class=\"no-gut\">Rep\u00e8res biographiques<\/h4>\n    <div class=\"nav-bio\">\n    <span class=\"prev\"><\/span>\n    <span class=\"next\"><\/span>\n    <\/div>\n  <\/div>\n  <div class=\"reperes-wrapper\">\n    <div class=\"les-reperes swiper\">\n      <div class=\"swiper-wrapper\">\n            <div class=\"repere swiper-slide\">\n        <span class=\"puce-ronde\"><\/span>\n        <h5 class=\"no-gut\">13. November 1850<\/h5>\n        <div class=\"texte\">\n          \n<p>Geburt von Robert Lewis Balfour Stevenson, in<a> <\/a>Edinburgh\u00a0 in einer b\u00fcrgerlichen presbyterianischen Familie.<br>Sein Vater Thomas ist ein international anerkannter Leuchtturmbauer. Seine Mutte, Margaret Balfour, hinterl\u00e4sst ihm seine schwache Gesundheit.<\/p>\n        <\/div>\n      <\/div>\n            <div class=\"repere swiper-slide\">\n        <span class=\"puce-ronde\"><\/span>\n        <h5 class=\"no-gut\">1862<\/h5>\n        <div class=\"texte\">\n          \n<p>Die Familie begleitet Thomas Stevenson zur Kur unter Bad Homburg<\/p>\n        <\/div>\n      <\/div>\n            <div class=\"repere swiper-slide\">\n        <span class=\"puce-ronde\"><\/span>\n        <h5 class=\"no-gut\">1864<\/h5>\n        <div class=\"texte\">\n          \n<p>Verfasst im Alter von 14 Jahren seine erste Kurzgeschichte <em>La cave pestif\u00e9r\u00e9e (Der Pestkeller)<\/em>.<\/p>\n        <\/div>\n      <\/div>\n            <div class=\"repere swiper-slide\">\n        <span class=\"puce-ronde\"><\/span>\n        <h5 class=\"no-gut\">1867 \u2013 1871<\/h5>\n        <div class=\"texte\">\n          \n<p>Student im Fachbereich &#8222;Wissenschaft und Technologie&#8220;, hat aber nur eine Leidenschaft im Kopf: die Literatur. Bohemien-Leben in der Unterwelt von Edinburgh<\/p>\n        <\/div>\n      <\/div>\n            <div class=\"repere swiper-slide\">\n        <span class=\"puce-ronde\"><\/span>\n        <h5 class=\"no-gut\">M\u00e4rz 1871<\/h5>\n        <div class=\"texte\">\n          \n<p>Bricht seine wissenschaftlichen Studien ab und schreibt sich f\u00fcr die Rechtswissenschaften ein. Schreckliche Entt\u00e4uschung von seinem Vater&#8230;<\/p>\n        <\/div>\n      <\/div>\n            <div class=\"repere swiper-slide\">\n        <span class=\"puce-ronde\"><\/span>\n        <h5 class=\"no-gut\">Januar 1873<\/h5>\n        <div class=\"texte\">\n          \n<p>Erkl\u00e4rt sich selbst zum Atheisten. Beginn eines Konflikts mit seinen Eltern, der sich bald zu einem Albtraum entwickelt.<\/p>\n        <\/div>\n      <\/div>\n            <div class=\"repere swiper-slide\">\n        <span class=\"puce-ronde\"><\/span>\n        <h5 class=\"no-gut\">1873 &#8211; 1874<\/h5>\n        <div class=\"texte\">\n          \n<p>Ver\u00f6ffentlichung seiner ersten Essays, die von Kritikern gelobt wurden. Erster unter seinem eigenen Namen ver\u00f6ffentlichter Essay geschrieben an Menton<a><\/a><a href=\"#_msocom_1\">[1]<\/a>&nbsp; , w\u00e4hrend eines l\u00e4ngeren Aufenthalts, um seine Gesundheit wiederzuerlangen.<\/p>\n\n\n\n<p><\/p>\n        <\/div>\n      <\/div>\n            <div class=\"repere swiper-slide\">\n        <span class=\"puce-ronde\"><\/span>\n        <h5 class=\"no-gut\">Sommer 1875<\/h5>\n        <div class=\"texte\">\n          \n<p>Besteht sein Juraexamen: Er wird Anwalt. Aufenthalt in Barbizon mit seinem Cousin Bob und dessen Malerfreunden.<\/p>\n        <\/div>\n      <\/div>\n            <div class=\"repere swiper-slide\">\n        <span class=\"puce-ronde\"><\/span>\n        <h5 class=\"no-gut\">Herbst 1875<\/h5>\n        <div class=\"texte\">\n          \n<p>Scheitert mit seinen ersten Pl\u00e4doyers, gibt die Aus\u00fcbung des Anwaltsberufs auf.<\/p>\n        <\/div>\n      <\/div>\n            <div class=\"repere swiper-slide\">\n        <span class=\"puce-ronde\"><\/span>\n        <h5 class=\"no-gut\">Ende August 1876<\/h5>\n        <div class=\"texte\">\n          \n<p>Kanu-Reise durch die Kan\u00e4le und Fl\u00fcsse des Nordens .<br>Treffen, unter<a> <\/a>Grez-sur-Loing , mit Fanny Osbourne (verheiratet, Mutter von 2 Kindern), in die er sich verliebt.<\/p>\n        <\/div>\n      <\/div>\n            <div class=\"repere swiper-slide\">\n        <span class=\"puce-ronde\"><\/span>\n        <h5 class=\"no-gut\">1876 \u2013 1877<\/h5>\n        <div class=\"texte\">\n          \n<p>Boh\u00e8me-Leben zwischen England und Frankreich, wo er Fanny wiedertriff.<\/p>\n        <\/div>\n      <\/div>\n            <div class=\"repere swiper-slide\">\n        <span class=\"puce-ronde\"><\/span>\n        <h5 class=\"no-gut\">Mai 1878<\/h5>\n        <div class=\"texte\">\n          \n<p>Ver\u00f6ffentlichung von <em>Eine Reise ins Innere, durch Kan\u00e4le und Fl\u00fcsse<\/em>.<\/p>\n        <\/div>\n      <\/div>\n            <div class=\"repere swiper-slide\">\n        <span class=\"puce-ronde\"><\/span>\n        <h5 class=\"no-gut\">15. August 1878<\/h5>\n        <div class=\"texte\">\n          \n<p>Fanny reist mit ihren Kindern nach Amerika ab.<\/p>\n        <\/div>\n      <\/div>\n            <div class=\"repere swiper-slide\">\n        <span class=\"puce-ronde\"><\/span>\n        <h5 class=\"no-gut\">September 1878<\/h5>\n        <div class=\"texte\">\n          \n<p>Ein Aufenthalt in der Auvergne in Monastier-sur-Gazeille , gefolgt von einer Wanderung durch die Cevennen.<\/p>\n\n<p><\/p>\n        <\/div>\n      <\/div>\n            <div class=\"repere swiper-slide\">\n        <span class=\"puce-ronde\"><\/span>\n        <h5 class=\"no-gut\">Mai 1879<\/h5>\n        <div class=\"texte\">\n          \n<p>Ver\u00f6ffentlichung von <em>Voyage avec un \u00e2ne dans les C\u00e9vennes (Reise mit einem Esel durch die Cevennen)<\/em>.<\/p>\n        <\/div>\n      <\/div>\n            <div class=\"repere swiper-slide\">\n        <span class=\"puce-ronde\"><\/span>\n        <h5 class=\"no-gut\">7. August 1879 &#8211; 30. August 1879<\/h5>\n        <div class=\"texte\">\n          \n<p>Bricht ohne das Wissen seiner Eltern nach Kalifornien auf. Reise in einem Auswandererschiff und dann mit dem Zug durch den amerikanischen Kontinent.<\/p>\n        <\/div>\n      <\/div>\n            <div class=\"repere swiper-slide\">\n        <span class=\"puce-ronde\"><\/span>\n        <h5 class=\"no-gut\">August 1879 &#8211; April 1880<\/h5>\n        <div class=\"texte\">\n          \n<p>Aufenthalt in Kalifornien, ohne Geld, krank (Rippenfellentz\u00fcndung, Malaria, heftige Blutungen) und von seiner Familie und seinen Freunden verlassen, die diese Reise missbilligen. Wartet auf die Scheidung von Fanny.<\/p>\n        <\/div>\n      <\/div>\n            <div class=\"repere swiper-slide\">\n        <span class=\"puce-ronde\"><\/span>\n        <h5 class=\"no-gut\">April 1880<\/h5>\n        <div class=\"texte\">\n          \n<p>Ihre Eltern, die wegen ihrer Gesundheit in Panik geraten sind, stimmen ihrer Heirat zu.<\/p>\n        <\/div>\n      <\/div>\n            <div class=\"repere swiper-slide\">\n        <span class=\"puce-ronde\"><\/span>\n        <h5 class=\"no-gut\">Mai &#8211; Juli 1880<\/h5>\n        <div class=\"texte\">\n          \n<p>Hochzeit am 19. Mai in den USA. &#8222;Flitterwochen&#8220; in einer stillgelegten Silbermine in Silverado.<\/p>\n        <\/div>\n      <\/div>\n            <div class=\"repere swiper-slide\">\n        <span class=\"puce-ronde\"><\/span>\n        <h5 class=\"no-gut\">29. Juli 1880<\/h5>\n        <div class=\"texte\">\n          \n<p>Abreise von Louis und Fanny nach Schottland.<\/p>\n        <\/div>\n      <\/div>\n            <div class=\"repere swiper-slide\">\n        <span class=\"puce-ronde\"><\/span>\n        <h5 class=\"no-gut\">Sommer 1880<\/h5>\n        <div class=\"texte\">\n          \n<p>Sommer in den Highlands.<\/p>\n        <\/div>\n      <\/div>\n            <div class=\"repere swiper-slide\">\n        <span class=\"puce-ronde\"><\/span>\n        <h5 class=\"no-gut\">Herbst 1880 &#8211; Winter 1881<\/h5>\n        <div class=\"texte\">\n          \n<p>Kur bei<a> <\/a>Davos\u00a0 , in der Schweiz, aus gesundheitlichen Gr\u00fcnden.<\/p>\n        <\/div>\n      <\/div>\n            <div class=\"repere swiper-slide\">\n        <span class=\"puce-ronde\"><\/span>\n        <h5 class=\"no-gut\">April &#8211; Mai 1881<\/h5>\n        <div class=\"texte\">\n          \n<p>R\u00fcckfahrt \u00fcber Paris und Barbizon nach Edinburgh.<\/p>\n        <\/div>\n      <\/div>\n            <div class=\"repere swiper-slide\">\n        <span class=\"puce-ronde\"><\/span>\n        <h5 class=\"no-gut\">Sommer 1881<\/h5>\n        <div class=\"texte\">\n          \n<p>Sommer in den Highlands.<br>Verfassen der ersten 15 Kapitel von <em>Die Schatzinsel<\/em>.<\/p>\n        <\/div>\n      <\/div>\n            <div class=\"repere swiper-slide\">\n        <span class=\"puce-ronde\"><\/span>\n        <h5 class=\"no-gut\">Winter 1881 \u2013 1882<\/h5>\n        <div class=\"texte\">\n          \n<p>Zweiter Winter in der &#8222;mourroir&#8220; von Davos (Sterbeheim).<br>Abschluss der Arbeit an <em>L&#8217;\u00eele au Tr\u00e9sor<\/em><\/p>\n        <\/div>\n      <\/div>\n            <div class=\"repere swiper-slide\">\n        <span class=\"puce-ronde\"><\/span>\n        <h5 class=\"no-gut\">Oktober &#8211; Dezember 1882<\/h5>\n        <div class=\"texte\">\n          \n<p>Umzug in die Campagne Delfi in einem Vorort von Marseille.<br>Wiederaufnahme der Blutungen.<\/p>\n        <\/div>\n      <\/div>\n            <div class=\"repere swiper-slide\">\n        <span class=\"puce-ronde\"><\/span>\n        <h5 class=\"no-gut\">M\u00e4rz 1883<\/h5>\n        <div class=\"texte\">\n          \n<p>Niederlassung in Hy\u00e8res, im Chalet de la Solitude.<br>Ver\u00f6ffentlichung seines ersten Romans<em> L&#8217;\u00eele au tr\u00e9sor<\/em>.<\/p>\n        <\/div>\n      <\/div>\n            <div class=\"repere swiper-slide\">\n        <span class=\"puce-ronde\"><\/span>\n        <h5 class=\"no-gut\">Januar 1884<\/h5>\n        <div class=\"texte\">\n          \n<p>Ver\u00f6ffentlichung von <em>The Silverado Squatters<\/em>.<\/p>\n        <\/div>\n      <\/div>\n            <div class=\"repere swiper-slide\">\n        <span class=\"puce-ronde\"><\/span>\n        <h5 class=\"no-gut\">Juni 1884<\/h5>\n        <div class=\"texte\">\n          \n<p>R\u00fcckfall in die Gesundheit. R\u00fcckkehr nach England.<\/p>\n        <\/div>\n      <\/div>\n            <div class=\"repere swiper-slide\">\n        <span class=\"puce-ronde\"><\/span>\n        <h5 class=\"no-gut\">Herbst 1884<\/h5>\n        <div class=\"texte\">\n          \n<p>Niederlassung in Bournemouth, S\u00fcdengland.<\/p>\n        <\/div>\n      <\/div>\n            <div class=\"repere swiper-slide\">\n        <span class=\"puce-ronde\"><\/span>\n        <h5 class=\"no-gut\">1885 \u2013 1887<\/h5>\n        <div class=\"texte\">\n          \n<p>H\u00e4morrhagien, Fieber, Bronchitis&#8230; Schreibt unerm\u00fcdlich Essays und Romane. Treffen mit Henry James.<br>Ver\u00f6ffentlicht 85 <em>Prince Othon<\/em>, <em>The Dynamitor <\/em>(Kurzgeschichten) und <em>Jardin de <\/em><em>po\u00e8mes <\/em><em>pour un enfant <\/em>(Gedichte). Verfassen und Ver\u00f6ffentlichung von <em>Der seltsame Fall des Dr. Jekyll und Mr. Hyde <\/em>und <em>Entf\u00fchrt<\/em><em>! <\/em>im Jahr 86. Ver\u00f6ffentlicht 87 <em>Les gais lurons <\/em>(Kurzgeschichten).<\/p>\n        <\/div>\n      <\/div>\n            <div class=\"repere swiper-slide\">\n        <span class=\"puce-ronde\"><\/span>\n        <h5 class=\"no-gut\">8. Mai 1887<\/h5>\n        <div class=\"texte\">\n          \n<p>Tod von Thomas Stevenson, dem Vater von Robert Louis.<\/p>\n        <\/div>\n      <\/div>\n            <div class=\"repere swiper-slide\">\n        <span class=\"puce-ronde\"><\/span>\n        <h5 class=\"no-gut\">21. August 1887<\/h5>\n        <div class=\"texte\">\n          \n<p>Abreise der Stevensons nach Amerika.<\/p>\n        <\/div>\n      <\/div>\n            <div class=\"repere swiper-slide\">\n        <span class=\"puce-ronde\"><\/span>\n        <h5 class=\"no-gut\">September 1887<\/h5>\n        <div class=\"texte\">\n          \n<p>Kommt in New York an. Findet heraus, dass er in Amerika eine Ber\u00fchmtheit ist. Auftrag eines Verlegers f\u00fcr eine Reihe von Essays.<\/p>\n        <\/div>\n      <\/div>\n            <div class=\"repere swiper-slide\">\n        <span class=\"puce-ronde\"><\/span>\n        <h5 class=\"no-gut\">Oktober 1887<\/h5>\n        <div class=\"texte\">\n          \n<p>Niederlassung an den Ufern des Saranac-Sees in den Adirondacks. <br>Verfassen des Anfangs von <em>Der Meister von Ballantrae<\/em>.<\/p>\n        <\/div>\n      <\/div>\n            <div class=\"repere swiper-slide\">\n        <span class=\"puce-ronde\"><\/span>\n        <h5 class=\"no-gut\">April &#8211; Juni 1888<\/h5>\n        <div class=\"texte\">\n          \n<p>R\u00fcckkehr nach New York.<br>Vorschlag des Verlegers Mac Clure: 15.000 Dollar f\u00fcr eine Reihe von Reisebriefen.<br>Ver\u00f6ffentlichung von <em>Der schwarze Pfeil<\/em>.<\/p>\n        <\/div>\n      <\/div>\n            <div class=\"repere swiper-slide\">\n        <span class=\"puce-ronde\"><\/span>\n        <h5 class=\"no-gut\">24. Januar 1889 &#8211; 24. Juni 1889<\/h5>\n        <div class=\"texte\">\n          \n<p>Aufenthalt in Hawaii.<br>Fertigstellung und Ver\u00f6ffentlichung von <em>Der Meister von Ballantrae<\/em>.<br>Ver\u00f6ffentlichung von <em>Ein l\u00e4stiger Toter <\/em>(gemeinsam mit Lloyd Osbourne geschrieben).<\/p>\n        <\/div>\n      <\/div>\n            <div class=\"repere swiper-slide\">\n        <span class=\"puce-ronde\"><\/span>\n        <h5 class=\"no-gut\">24. Juni 1889 &#8211; Februar 1890<\/h5>\n        <div class=\"texte\">\n          \n<p>Reise auf dem Handelsschiff Equator. Zwischenstopps in Butaritari und Apemama, wo er &#8222;<em>Der Wrackh\u00e4ndler&#8220; <\/em>beginnt.<\/p>\n        <\/div>\n      <\/div>\n            <div class=\"repere swiper-slide\">\n        <span class=\"puce-ronde\"><\/span>\n        <h5 class=\"no-gut\">Dezember 1889<\/h5>\n        <div class=\"texte\">\n          \n<p>Ankunft in Apia, der Hauptstadt der Insel Upolu im Samoa-Archipel.<br>Kauf eines brachliegenden Landguts: Vailima<\/p>\n        <\/div>\n      <\/div>\n            <div class=\"repere swiper-slide\">\n        <span class=\"puce-ronde\"><\/span>\n        <h5 class=\"no-gut\">Februar &#8211; April 1890<\/h5>\n        <div class=\"texte\">\n          \n<p>\u00dcberfahrt von Samoa nach Sydney auf einem Linienschiff.<br>In Sydney erkrankt Stevenson.<\/p>\n        <\/div>\n      <\/div>\n            <div class=\"repere swiper-slide\">\n        <span class=\"puce-ronde\"><\/span>\n        <h5 class=\"no-gut\">April &#8211; August 1890<\/h5>\n        <div class=\"texte\">\n          \n<p>Einschiffung auf einem alten Frachter, der Janet Nicholl, um die W\u00e4rme der Tropen wiederzufinden. Reise zu den Inseln Samoa, Gilbert, Marshall, Neukaledonien und schlie\u00dflich zur\u00fcck nach Sydney, wo Stevenson gleich nach seiner Ankunft einen R\u00fcckfall erleidet: Er wird die S\u00fcdsee nicht mehr verlassen k\u00f6nnen&#8230;<\/p>\n        <\/div>\n      <\/div>\n            <div class=\"repere swiper-slide\">\n        <span class=\"puce-ronde\"><\/span>\n        <h5 class=\"no-gut\">Oktober 1890<\/h5>\n        <div class=\"texte\">\n          \n<p>Schwierige Installation in Vailima, wo alles noch zu tun ist.<\/p>\n        <\/div>\n      <\/div>\n            <div class=\"repere swiper-slide\">\n        <span class=\"puce-ronde\"><\/span>\n        <h5 class=\"no-gut\">Januar &#8211; Mai 1891<\/h5>\n        <div class=\"texte\">\n          \n<p>Fanny rodet, brennt, pflanzt, j\u00e4tet, hackt, legt Gehege an und l\u00e4sst ein gro\u00dfes Haus bauen.<br>Ver\u00f6ffentlichung von <em>In der S\u00fcdsee<\/em>.<\/p>\n        <\/div>\n      <\/div>\n            <div class=\"repere swiper-slide\">\n        <span class=\"puce-ronde\"><\/span>\n        <h5 class=\"no-gut\">1892<\/h5>\n        <div class=\"texte\">\n          \n<p>Politisches Engagement f\u00fcr die Samoaner gegen\u00fcber den anwesenden Deutschen, Engl\u00e4ndern und Amerikanern. Beinahe Verbannung von der Insel.<br>Verfassen der B\u00fccher <em>Die Tr\u00e4nen von Laupepa<\/em>, <em>Die von Falesa <\/em>und <em>Catriona<\/em>.<br>Ver\u00f6ffentlichung von <em>Der <\/em><em>Schiffswrackh\u00e4ndler<\/em>, <em>Laupepas Tr\u00e4nen <\/em>und <em>Durch die Pr\u00e4rie <\/em>(Zugfahrt durch Amerika 1879).<\/p>\n        <\/div>\n      <\/div>\n            <div class=\"repere swiper-slide\">\n        <span class=\"puce-ronde\"><\/span>\n        <h5 class=\"no-gut\">Januar 1893<\/h5>\n        <div class=\"texte\">\n          \n<p>Hart getroffen von der Grippeepidemie, die die Insel heimsucht.<\/p>\n        <\/div>\n      <\/div>\n            <div class=\"repere swiper-slide\">\n        <span class=\"puce-ronde\"><\/span>\n        <h5 class=\"no-gut\">Mitte Februar 1893<\/h5>\n        <div class=\"texte\">\n          \n<p>Versucht, nach Sydney zur\u00fcckzukehren, wo er nach seiner Ankunft einen R\u00fcckfall erleidet und wieder umkehren muss.<\/p>\n        <\/div>\n      <\/div>\n            <div class=\"repere swiper-slide\">\n        <span class=\"puce-ronde\"><\/span>\n        <h5 class=\"no-gut\">April 1893<\/h5>\n        <div class=\"texte\">\n          \n<p>Nervenzusammenbruch von Fanny. <br>Ver\u00f6ffentlichung von <em>Veill\u00e9es des \u00eeles<\/em>.<\/p>\n        <\/div>\n      <\/div>\n            <div class=\"repere swiper-slide\">\n        <span class=\"puce-ronde\"><\/span>\n        <h5 class=\"no-gut\">Ende Juni 1893<\/h5>\n        <div class=\"texte\">\n          \n<p>Der auf der Insel schwelende Krieg bricht aus. Mataafa, der Anf\u00fchrer der Rebellen und Freund Stevensons, wird auf die Marshallinseln deportiert.<\/p>\n        <\/div>\n      <\/div>\n            <div class=\"repere swiper-slide\">\n        <span class=\"puce-ronde\"><\/span>\n        <h5 class=\"no-gut\">August 1893<\/h5>\n        <div class=\"texte\">\n          \n<p>Bricht mit heftigen Blutungen zusammen.<\/p>\n        <\/div>\n      <\/div>\n            <div class=\"repere swiper-slide\">\n        <span class=\"puce-ronde\"><\/span>\n        <h5 class=\"no-gut\">September 1893<\/h5>\n        <div class=\"texte\">\n          \n<p>Geht nach Hawaii, um zu versuchen, sich zu erholen, muss aber aufgeben und nach Vailima zur\u00fcckkehren.<\/p>\n        <\/div>\n      <\/div>\n            <div class=\"repere swiper-slide\">\n        <span class=\"puce-ronde\"><\/span>\n        <h5 class=\"no-gut\">1894<\/h5>\n        <div class=\"texte\">\n          \n<p>Ersch\u00f6pft, schreibt weiter an <em>Saint Ives, <\/em>einem historischen Roman, und <em>Hermiston the Pender Judge<\/em>.<br>Ver\u00f6ffentlichung von <em>The Hollow of the Wave<\/em>.<\/p>\n        <\/div>\n      <\/div>\n            <div class=\"repere swiper-slide\">\n        <span class=\"puce-ronde\"><\/span>\n        <h5 class=\"no-gut\">3. Dezember 1894<\/h5>\n        <div class=\"texte\">\n          \n<p>Er wurde von einer Gehirnembolie dahingerafft und am n\u00e4chsten Tag auf dem Gipfel des Berges Vaea mit Blick auf das Meer begraben, so wie er es sich gew\u00fcnscht hatte.<\/p>\n        <\/div>\n      <\/div>\n          <\/div>\n    <\/div>\n  <\/div>\n  <\/div>\n<\/div><\/div>","protected":false},"excerpt":{"rendered":"<p>Robert Louis Stevenson, der Mann des Schreibens \u201eDie Schatzinsel\u201c und \u201eDer seltsame Fall des Dr. Jekyll und Mr. Hyde\u201c sind universelle Bestseller, die jedes Jahr neu aufgelegt und \u00fcbersetzt, verfilmt und in Comics verarbeitet werden. Das Werk dieses Schriftstellers besteht nicht nur aus diesen B\u00fcchern. \u201eDer Meister von Ballantrae\u201c, \u201eEntf\u00fchrt\u201c und \u201eDer schwarze Pfeil\u201c sind [&hellip;]<\/p>\n","protected":false},"author":1,"featured_media":516,"parent":0,"menu_order":0,"comment_status":"closed","ping_status":"closed","template":"","meta":{"footnotes":""},"class_list":["post-644","page","type-page","status-publish","has-post-thumbnail","hentry"],"_links":{"self":[{"href":"https:\/\/www.rlstevenson-europe.org\/de\/wp-json\/wp\/v2\/pages\/644","targetHints":{"allow":["GET"]}}],"collection":[{"href":"https:\/\/www.rlstevenson-europe.org\/de\/wp-json\/wp\/v2\/pages"}],"about":[{"href":"https:\/\/www.rlstevenson-europe.org\/de\/wp-json\/wp\/v2\/types\/page"}],"author":[{"embeddable":true,"href":"https:\/\/www.rlstevenson-europe.org\/de\/wp-json\/wp\/v2\/users\/1"}],"replies":[{"embeddable":true,"href":"https:\/\/www.rlstevenson-europe.org\/de\/wp-json\/wp\/v2\/comments?post=644"}],"version-history":[{"count":3,"href":"https:\/\/www.rlstevenson-europe.org\/de\/wp-json\/wp\/v2\/pages\/644\/revisions"}],"predecessor-version":[{"id":2124,"href":"https:\/\/www.rlstevenson-europe.org\/de\/wp-json\/wp\/v2\/pages\/644\/revisions\/2124"}],"wp:featuredmedia":[{"embeddable":true,"href":"https:\/\/www.rlstevenson-europe.org\/de\/wp-json\/wp\/v2\/media\/516"}],"wp:attachment":[{"href":"https:\/\/www.rlstevenson-europe.org\/de\/wp-json\/wp\/v2\/media?parent=644"}],"curies":[{"name":"wp","href":"https:\/\/api.w.org\/{rel}","templated":true}]}}