{"id":640,"date":"2023-10-09T12:37:26","date_gmt":"2023-10-09T10:37:26","guid":{"rendered":"http:\/\/www.rlstevenson-europe.org\/das-europaische-netzwerk\/itineraire-culturel-du-conseil-de-leurope\/"},"modified":"2023-10-11T12:47:19","modified_gmt":"2023-10-11T10:47:19","slug":"das-europaische-netzwerk-auf-den-spuren","status":"publish","type":"page","link":"https:\/\/www.rlstevenson-europe.org\/de\/das-europaische-netzwerk\/das-europaische-netzwerk-auf-den-spuren\/","title":{"rendered":"Das europ\u00e4ische Netzwerk Auf den Spuren"},"content":{"rendered":"\n<p>Das europ\u00e4ische Netzwerk Auf den Spuren von Robert Louis Stevenson wurde 2015 als &#8222;Kulturroute des Europarats&#8220; anerkannt. Seitdem wird diese Zertifizierung regelm\u00e4\u00dfig erneuert.<br><\/p>\n\n\n\n<p>Die Kulturrouten des Europarates tragen zu einem gemeinsamen Kultur-, Bildungs- und Tourismuserbe bei. Sie tragen die Werte des Europarates in sich: Menschenrechte, kulturelle Vielfalt, Dialog und gegenseitiger Aus-tausch.<br><\/p>\n\n\n\n<p>Ziel der Kulturrouten ist es, die kulturelle Zusammenarbeit, die nachhaltige Entwicklung des Territoriums und den sozialen Zusammenhalt zu f\u00f6rdern, wobei besonderes Augenmerk auf Themen mit symbolischer Bedeutung f\u00fcr die Einheit, Geschichte, Kultur, europ\u00e4ische Werte und die Entdeckung unbekannter Reiseziele gelegt wird.<br><\/p>\n\n\n\n<p>Neben dem touristischen Wert, der dem kulturellen Erbe zus\u00e4tzliche Sichtbarkeit verleiht, erm\u00f6glicht die Vernetzung rund um Robert Louis Ste-venson die Entdeckung von Orten, die den Schriftsteller gemeinsam ha-ben, sowie die Sammlung akademischer Daten f\u00fcr ein vielf\u00e4ltiges Pu-blikum: Leser, Akademiker, junges Publikum\u2026<br><\/p>\n\n\n\n<p>Mehr als 45 Kulturrouten erm\u00f6glichen Entdeckungsreisen und vielf\u00e4ltige Kultur- und Bildungsaktivit\u00e4ten in Europa, und dar\u00fcber hinaus, auf ver-schiedenen Themen wie Geschichte, Kunst, Musik oder Architektur.<\/p>\n","protected":false},"excerpt":{"rendered":"<p>Das europ\u00e4ische Netzwerk Auf den Spuren von Robert Louis Stevenson wurde 2015 als &#8222;Kulturroute des Europarats&#8220; anerkannt. Seitdem wird diese Zertifizierung regelm\u00e4\u00dfig erneuert. Die Kulturrouten des Europarates tragen zu einem gemeinsamen Kultur-, Bildungs- und Tourismuserbe bei. Sie tragen die Werte des Europarates in sich: Menschenrechte, kulturelle Vielfalt, Dialog und gegenseitiger Aus-tausch. Ziel der Kulturrouten ist [&hellip;]<\/p>\n","protected":false},"author":1,"featured_media":0,"parent":633,"menu_order":0,"comment_status":"closed","ping_status":"closed","template":"","meta":{"footnotes":""},"class_list":["post-640","page","type-page","status-publish","hentry"],"_links":{"self":[{"href":"https:\/\/www.rlstevenson-europe.org\/de\/wp-json\/wp\/v2\/pages\/640","targetHints":{"allow":["GET"]}}],"collection":[{"href":"https:\/\/www.rlstevenson-europe.org\/de\/wp-json\/wp\/v2\/pages"}],"about":[{"href":"https:\/\/www.rlstevenson-europe.org\/de\/wp-json\/wp\/v2\/types\/page"}],"author":[{"embeddable":true,"href":"https:\/\/www.rlstevenson-europe.org\/de\/wp-json\/wp\/v2\/users\/1"}],"replies":[{"embeddable":true,"href":"https:\/\/www.rlstevenson-europe.org\/de\/wp-json\/wp\/v2\/comments?post=640"}],"version-history":[{"count":3,"href":"https:\/\/www.rlstevenson-europe.org\/de\/wp-json\/wp\/v2\/pages\/640\/revisions"}],"predecessor-version":[{"id":936,"href":"https:\/\/www.rlstevenson-europe.org\/de\/wp-json\/wp\/v2\/pages\/640\/revisions\/936"}],"up":[{"embeddable":true,"href":"https:\/\/www.rlstevenson-europe.org\/de\/wp-json\/wp\/v2\/pages\/633"}],"wp:attachment":[{"href":"https:\/\/www.rlstevenson-europe.org\/de\/wp-json\/wp\/v2\/media?parent=640"}],"curies":[{"name":"wp","href":"https:\/\/api.w.org\/{rel}","templated":true}]}}