{"id":633,"date":"2023-10-09T11:52:43","date_gmt":"2023-10-09T09:52:43","guid":{"rendered":"http:\/\/www.rlstevenson-europe.org\/le-reseau-europeen\/"},"modified":"2023-10-10T14:45:49","modified_gmt":"2023-10-10T12:45:49","slug":"das-europaische-netzwerk","status":"publish","type":"page","link":"https:\/\/www.rlstevenson-europe.org\/de\/das-europaische-netzwerk\/","title":{"rendered":"Das europ\u00e4ische Netzwerk"},"content":{"rendered":"\n<p>In den meisten Orten, an denen Stevenson vorbeikam, sind die Spuren dieses Besuchs lebendig geblieben. Sowohl in Frankreich als auch im Vereinigten K\u00f6nigreich wurden mehrere Vereine gegr\u00fcndet, um den Schriftsteller und seine Verbindungen zu den Regionen besser ken-nenzulernen.<\/p>\n\n\n\n<h2 class=\"wp-block-heading\">2013 entstand ein Netzwerk mit gemeinsamen Werten:<\/h2>\n\n\n\n<ul class=\"wp-block-list\">\n<li>F\u00f6rderung von Demokratie, Toleranz, Unterst\u00fctzung von Minderheiten, Ann\u00e4herung der V\u00f6lker und Suche nach Frieden,<\/li>\n\n\n\n<li>Aufwertung und Schutz des Natur- und Kulturerbes und Beitrag zu einer sozial und wirtschaftlich verantwortlichen Entwicklung der Regionen.<\/li>\n\n\n\n<li>Das Interesse an der Kultur und der europ\u00e4ischen B\u00fcrgerschaft insbesondere an die jungen Generationen weitergeben.<\/li>\n\n\n\n<li>Die Begegnung zwischen Europ\u00e4ern durch einen Kultur- und Sporttourismus f\u00f6r-dern, der f\u00fcr alle, auch f\u00fcr Menschen mit Behinderungen, zug\u00e4nglich ist.<\/li>\n\n\n\n<li>Entwicklung von Forschungsarbeiten zur Vertiefung unserer Kenntnisse \u00fcber die europ\u00e4ische Kultur, insbesondere \u00fcber die Literatur im Zusammenhang mit Stevenson.<\/li>\n<\/ul>\n\n\n\n<p><strong>Dieses Netzwerk erhielt 2015 das Label Kulturroute des Europarats.<\/strong><\/p>\n\n\n\n<p>Im Laufe der Jahre sind die Verbindungen zwischen den Gebieten dank des Ideen- und Informationsaustauschs dynamischer und unsere Sichtbarkeit gr\u00f6\u00dfer geworden.<\/p>\n\n\n\n<p>Jedes Territorium fand in diesem Schwung eine Chance f\u00fcr seine eigene Entwicklung.<\/p>\n\n\n\n<p>Unsere j\u00e4hrlichen Treffen fanden in jedem Territorium statt.<br>Das Werk von R.L. Stevenson regt eine immer noch sehr aktive akademische Forschung an, was sich in der Ver\u00f6ffentlichung von B\u00fcchern und Artikeln, der Verteidigung von Doktorarbeiten, Seminaren und Treffen von Akademikern und Experten widerspiegelt. Schriftsteller, Filmemacher und Comic-Autoren finden ihre Inspiration stets im Werk und den Werten des Schriftstellers, die sie in die heutige Welt einbringen. Wir bauen Verbindungen zu diesen verschiedenen Akteuren auf und nehmen an internationalen akademischen Treffen teil.<\/p>\n\n\n\n<p>Jedes Jahr bieten die Stevenson Days den einzelnen Regionen die Gelegenheit, ihre Bem\u00fchungen um die Verbreitung von Informationen \u00fcber Stevenson zu verst\u00e4rken.<\/p>\n\n\n\n<div style=\"height:100px\" aria-hidden=\"true\" class=\"wp-block-spacer\"><\/div>\n","protected":false},"excerpt":{"rendered":"<p>In den meisten Orten, an denen Stevenson vorbeikam, sind die Spuren dieses Besuchs lebendig geblieben. Sowohl in Frankreich als auch im Vereinigten K\u00f6nigreich wurden mehrere Vereine gegr\u00fcndet, um den Schriftsteller und seine Verbindungen zu den Regionen besser ken-nenzulernen. 2013 entstand ein Netzwerk mit gemeinsamen Werten: Dieses Netzwerk erhielt 2015 das Label Kulturroute des Europarats. Im [&hellip;]<\/p>\n","protected":false},"author":1,"featured_media":0,"parent":0,"menu_order":0,"comment_status":"closed","ping_status":"closed","template":"","meta":{"footnotes":""},"class_list":["post-633","page","type-page","status-publish","hentry"],"_links":{"self":[{"href":"https:\/\/www.rlstevenson-europe.org\/de\/wp-json\/wp\/v2\/pages\/633","targetHints":{"allow":["GET"]}}],"collection":[{"href":"https:\/\/www.rlstevenson-europe.org\/de\/wp-json\/wp\/v2\/pages"}],"about":[{"href":"https:\/\/www.rlstevenson-europe.org\/de\/wp-json\/wp\/v2\/types\/page"}],"author":[{"embeddable":true,"href":"https:\/\/www.rlstevenson-europe.org\/de\/wp-json\/wp\/v2\/users\/1"}],"replies":[{"embeddable":true,"href":"https:\/\/www.rlstevenson-europe.org\/de\/wp-json\/wp\/v2\/comments?post=633"}],"version-history":[{"count":2,"href":"https:\/\/www.rlstevenson-europe.org\/de\/wp-json\/wp\/v2\/pages\/633\/revisions"}],"predecessor-version":[{"id":638,"href":"https:\/\/www.rlstevenson-europe.org\/de\/wp-json\/wp\/v2\/pages\/633\/revisions\/638"}],"wp:attachment":[{"href":"https:\/\/www.rlstevenson-europe.org\/de\/wp-json\/wp\/v2\/media?parent=633"}],"curies":[{"name":"wp","href":"https:\/\/api.w.org\/{rel}","templated":true}]}}