{"id":616,"date":"2023-09-25T10:55:31","date_gmt":"2023-09-25T08:55:31","guid":{"rendered":"http:\/\/www.rlstevenson-europe.org\/sur-les-traces-de-robert-louis-stevenson\/"},"modified":"2024-09-07T21:00:19","modified_gmt":"2024-09-07T19:00:19","slug":"sur-les-traces-de-robert-louis-stevenson","status":"publish","type":"page","link":"https:\/\/www.rlstevenson-europe.org\/de\/","title":{"rendered":"Auf den Spuren von von Robert Louis Stevenson"},"content":{"rendered":"<div class=\"lazyblock-entete-haut-de-page-2x1tJC alignfull alignfull  wp-block-lazyblock-entete-haut-de-page\"><div class=\"entete-home\" style=\"background-image: url(https:\/\/www.rlstevenson-europe.org\/wp-content\/uploads\/2024\/02\/Home-Page-image-Ian-Logan-DSCF5385-d-scaled.jpg);\">\n  <div class=\"opaque\">\n    <div class=\"entete-content\">\n  <h1> Auf den Spuren von von Robert Louis Stevenson<\/h1>\n  <p>Eine Kulturroute des Europarats<\/p>\n  <a href=\"https:\/\/www.rlstevenson-europe.org\/nos-territoires\/\">Entdecken Sie die Gebiete<\/a>\n<\/div>\n\n<div class=\"logos-ue\">\n<img decoding=\"async\" src=\"https:\/\/www.rlstevenson-europe.org\/wp-content\/themes\/Robert-Louis-Stevenson\/images\/logos-rls-conseil-europe.svg\">\n<\/div>\n<\/div>\n<\/div><\/div>\n\n\n<div style=\"height:100px\" aria-hidden=\"true\" class=\"wp-block-spacer\"><\/div>\n\n\n\n<div class=\"wp-block-columns alignwide is-layout-flex wp-container-core-columns-is-layout-9d6595d7 wp-block-columns-is-layout-flex\">\n<div class=\"wp-block-column is-layout-flow wp-block-column-is-layout-flow\">\n<h2 class=\"wp-block-heading is-style-font-gloock has-bleu-color has-text-color has-48-px-font-size\">Robert Louis Stevenson<\/h2>\n\n\n\n<p>Die Romane \u201eDie Schatzinsel\u201c und \u201eDer seltsame Fall des Dr. Jekyll und Mr. Hyde\u201c sind universelle Bestseller, die jedes Jahr neu ver\u00f6ffentlicht und \u00fcbersetzt und in Filmen und Comics adaptiert werden. Stevenson war ein produktiver Schriftsteller; Auch \u201eThe Master of Ballantrae\u201c, \u201eKidnapped\u201c und \u201eThe Black Arrow\u201c sind Buchhandelserfolge, ebenso wie seine Kurzgeschichten, Gedichte und Erz\u00e4hlungen aus der S\u00fcdsee.<\/p>\n\n\n\n<p><a href=\"http:\/\/www.rlstevenson-europe.org\/de\/robert-louis-stevenson-der-mann-des-schreibens\/\" data-type=\"link\" data-id=\"http:\/\/www.rlstevenson-europe.org\/de\/robert-louis-stevenson-der-mann-des-schreibens\/\">Sein abenteuerliches und romanhaftes Leben<\/a>, das von einem f\u00fcr seine Zeit beispielhaften Humanismus gepr\u00e4gt war, ist auch ein eigenst\u00e4ndiges Werk. Es l\u00e4sst sich in seinen zahlreichen Briefen und in seinen Biografien nachvollziehen.<\/p>\n<\/div>\n\n\n\n<div class=\"wp-block-column is-layout-flow wp-block-column-is-layout-flow\">\n<figure class=\"wp-block-image size-full\"><img loading=\"lazy\" decoding=\"async\" width=\"800\" height=\"674\" src=\"https:\/\/www.rlstevenson-europe.org\/wp-content\/uploads\/2023\/09\/portrait-robert-louis-stevenson.jpg\" alt=\"Portrait de Robert Louis Stevenson\" class=\"wp-image-21\" srcset=\"https:\/\/www.rlstevenson-europe.org\/wp-content\/uploads\/2023\/09\/portrait-robert-louis-stevenson.jpg 800w, https:\/\/www.rlstevenson-europe.org\/wp-content\/uploads\/2023\/09\/portrait-robert-louis-stevenson-300x253.jpg 300w, https:\/\/www.rlstevenson-europe.org\/wp-content\/uploads\/2023\/09\/portrait-robert-louis-stevenson-768x647.jpg 768w, https:\/\/www.rlstevenson-europe.org\/wp-content\/uploads\/2023\/09\/portrait-robert-louis-stevenson-450x379.jpg 450w, https:\/\/www.rlstevenson-europe.org\/wp-content\/uploads\/2023\/09\/portrait-robert-louis-stevenson-712x600.jpg 712w\" sizes=\"auto, (max-width: 800px) 100vw, 800px\" \/><\/figure>\n<\/div>\n<\/div>\n\n\n\n<figure class=\"wp-block-image alignfull size-large\"><img loading=\"lazy\" decoding=\"async\" width=\"1024\" height=\"222\" src=\"https:\/\/www.rlstevenson-europe.org\/wp-content\/uploads\/2023\/09\/paysage-rls-75-1024x222.webp\" alt=\"Paysage Robert Louis Stevenson\" class=\"wp-image-35\" srcset=\"https:\/\/www.rlstevenson-europe.org\/wp-content\/uploads\/2023\/09\/paysage-rls-75-1024x222.webp 1024w, https:\/\/www.rlstevenson-europe.org\/wp-content\/uploads\/2023\/09\/paysage-rls-75-300x65.webp 300w, https:\/\/www.rlstevenson-europe.org\/wp-content\/uploads\/2023\/09\/paysage-rls-75-768x166.webp 768w, https:\/\/www.rlstevenson-europe.org\/wp-content\/uploads\/2023\/09\/paysage-rls-75-450x97.webp 450w, https:\/\/www.rlstevenson-europe.org\/wp-content\/uploads\/2023\/09\/paysage-rls-75.webp 1496w\" sizes=\"auto, (max-width: 1024px) 100vw, 1024px\" \/><\/figure>\n\n\n<div class=\"lazyblock-formulaire-de-recherche-Z2i1JHC alignfull alignfull  wp-block-lazyblock-formulaire-de-recherche\"><div class=\"recherche\">\n  <div class=\"recherche-image-fond\">\n    <div class=\"recherche-content\">\n  <p> Gebiete und Aktivit\u00e4ten<\/p>\n  <h3>Wonach suchst du ?<\/h3>\n  <form action=\"https:\/\/www.rlstevenson-europe.org\/de\/\" method=\"get\">\n    <input type=\"text\" name=\"s\" placeholder=\"Geben Sie Ihre Suche ein\"><input name=\"btn\" type=\"submit\" value=\"\">\n  <\/form>\n  <h4>Oder w\u00e4hlen Sie eine Kategorie<\/h4>\n<ul>\n                                    <li><a href=\"https:\/\/www.rlstevenson-europe.org\/de\/blog\/hobbys\/\">Hobbys<\/a><\/li>\n                                    <li><a href=\"https:\/\/www.rlstevenson-europe.org\/de\/blog\/konferenzen\/\">Konferenzen<\/a><\/li>\n                                    <li><a href=\"https:\/\/www.rlstevenson-europe.org\/de\/blog\/kulturelle-aktivitaeten\/\">Kulturelle Aktivit\u00e4ten<\/a><\/li>\n                                    <li><a href=\"https:\/\/www.rlstevenson-europe.org\/de\/blog\/nachricht\/\">Nachricht<\/a><\/li>\n                                    <li><a href=\"https:\/\/www.rlstevenson-europe.org\/de\/blog\/wanderungen\/\">Wanderungen<\/a><\/li>\n                \n            <\/ul>\n  <\/div>\n  <\/div>\n<\/div><\/div>\n\n\n<div class=\"wp-block-cover alignfull is-light has-blanc-color has-text-color\"><span aria-hidden=\"true\" class=\"wp-block-cover__background has-noir-background-color has-background-dim\"><\/span><img loading=\"lazy\" decoding=\"async\" width=\"1920\" height=\"725\" class=\"wp-block-cover__image-background wp-image-53\" alt=\"D\u00e9couvrez nos territoires\" src=\"http:\/\/www.rlstevenson-europe.org\/wp-content\/uploads\/2023\/09\/banniere-territoire.jpg\" data-object-fit=\"cover\" srcset=\"https:\/\/www.rlstevenson-europe.org\/wp-content\/uploads\/2023\/09\/banniere-territoire.jpg 1920w, https:\/\/www.rlstevenson-europe.org\/wp-content\/uploads\/2023\/09\/banniere-territoire-300x113.jpg 300w, https:\/\/www.rlstevenson-europe.org\/wp-content\/uploads\/2023\/09\/banniere-territoire-1024x387.jpg 1024w, https:\/\/www.rlstevenson-europe.org\/wp-content\/uploads\/2023\/09\/banniere-territoire-768x290.jpg 768w, https:\/\/www.rlstevenson-europe.org\/wp-content\/uploads\/2023\/09\/banniere-territoire-1536x580.jpg 1536w, https:\/\/www.rlstevenson-europe.org\/wp-content\/uploads\/2023\/09\/banniere-territoire-450x170.jpg 450w, https:\/\/www.rlstevenson-europe.org\/wp-content\/uploads\/2023\/09\/banniere-territoire-1589x600.jpg 1589w\" sizes=\"auto, (max-width: 1920px) 100vw, 1920px\" \/><div class=\"wp-block-cover__inner-container is-layout-constrained wp-block-cover-is-layout-constrained\">\n<p class=\"has-text-align-center is-style-petites-caps has-blanc-color has-text-color has-link-color wp-elements-b653b27f648e09813dddae16a6b954ab\"><\/p>\n\n\n\n<h2 class=\"wp-block-heading has-text-align-center is-style-font-gloock has-blanc-color has-text-color has-link-color has-64-px-font-size wp-elements-3aa3551339985dff88855fb6a6a576be\">Entdecken Sie unsere Gebiete<\/h2>\n\n\n\n<p class=\"has-text-align-center has-blanc-color has-text-color has-link-color wp-elements-b8ba3b61491e8c87d8e8a672e1c7aa77\"><\/p>\n\n\n\n<div class=\"wp-block-buttons is-content-justification-center is-layout-flex wp-container-core-buttons-is-layout-16018d1d wp-block-buttons-is-layout-flex\">\n<div class=\"wp-block-button\"><a class=\"wp-block-button__link has-blanc-color has-bleu-background-color has-text-color has-background wp-element-button\" href=\"https:\/\/www.rlstevenson-europe.org\/de\/unsere-gebiete\/\">Ich entdecke<\/a><\/div>\n<\/div>\n<\/div><\/div>\n\n\n<div class=\"lazyblock-carte-des-territoires-vhGCU alignfull alignfull  wp-block-lazyblock-carte-des-territoires\"> <div class=\"carte-territoire\">\n  <div id=\"mymap\"><\/div>\n <h5>Unsere Gebiete<\/h5>\n <\/div><\/div>\n\n\n<div style=\"height:60px\" aria-hidden=\"true\" class=\"wp-block-spacer\"><\/div>\n\n\n\n<p class=\"has-text-align-center is-style-petites-caps has-bleu-color has-text-color\">Teilnehmen<\/p>\n\n\n\n<h2 class=\"wp-block-heading has-text-align-center is-style-font-gloock has-bleu-color has-text-color has-46-px-font-size\">Netzwerkleben<\/h2>\n\n\n<div class=\"lazyblock-actualites-hqTwW alignfull alignfull  wp-block-lazyblock-actualites\"><div class=\"actus\">\n  \n  \n\t  <div class=\"actu\" style=\"background-image: url(https:\/\/www.rlstevenson-europe.org\/wp-content\/uploads\/2025\/12\/Robert-Louis-Stevenson-Fanny-Patinage.webp);\">\n    <article>\n    <div class=\"actu-content\">\n    <p> 31. Dezember 2025<\/p>\n      \t<h5>Frohes neues Jahr 2026<\/h5>\n      \t<a href=\"https:\/\/www.rlstevenson-europe.org\/de\/nachricht\/frohes-neues-jahr-2026\/\" title=\"Frohes neues Jahr 2026\">\n      \t  Weiterlesen      \t  <\/a>\n      \t<\/div>\n    <\/article>\n  <\/div>    \n    \t  <div class=\"actu\" style=\"background-image: url(https:\/\/www.rlstevenson-europe.org\/wp-content\/uploads\/2025\/02\/vanclee3f.png);\">\n    <article>\n    <div class=\"actu-content\">\n    <p> 7. M\u00e4rz 2025<\/p>\n      \t<h5>Die Schatzinsel: Schmucksammlung UND Online-Abenteuer!<\/h5>\n      \t<a href=\"https:\/\/www.rlstevenson-europe.org\/de\/nachricht\/die-schatzinsel-schmucksammlung-und-online-abenteuer\/\" title=\"Die Schatzinsel: Schmucksammlung UND Online-Abenteuer!\">\n      \t  Weiterlesen      \t  <\/a>\n      \t<\/div>\n    <\/article>\n  <\/div>    \n    \t  <div class=\"actu\" style=\"background-image: url(https:\/\/www.rlstevenson-europe.org\/wp-content\/uploads\/2025\/01\/DSC00688-copie-scaled.jpeg);\">\n    <article>\n    <div class=\"actu-content\">\n    <p> 24. Januar 2025<\/p>\n      \t<h5>Generalversammlung 2024<\/h5>\n      \t<a href=\"https:\/\/www.rlstevenson-europe.org\/de\/konferenzen\/generalversammlung-2024\/\" title=\"Generalversammlung 2024\">\n      \t  Weiterlesen      \t  <\/a>\n      \t<\/div>\n    <\/article>\n  <\/div>    \n    \t  <div class=\"actu\" style=\"background-image: url(https:\/\/www.rlstevenson-europe.org\/wp-content\/uploads\/2025\/01\/couverture.jpg);\">\n    <article>\n    <div class=\"actu-content\">\n    <p> 24. Januar 2025<\/p>\n      \t<h5>Ein neues Buch: &#8222;Sur leschemins. de Stevenosn, C\u00e9vennes et autres itin\u00e9reaires europ\u00e9ens&#8220; (Auf den Wegen von Stevenson, Cevennen und andere europ\u00e4ische Routen)<\/h5>\n      \t<a href=\"https:\/\/www.rlstevenson-europe.org\/de\/nachricht\/ein-neues-buch-sur-leschemins-de-stevenosn-cevennes-et-autres-itinereaires-europeens-auf-den-wegen-von-stevenson-cevennen-und-andere-europaeische-routen\/\" title=\"Ein neues Buch: &#8222;Sur leschemins. de Stevenosn, C\u00e9vennes et autres itin\u00e9reaires europ\u00e9ens&#8220; (Auf den Wegen von Stevenson, Cevennen und andere europ\u00e4ische Routen)\">\n      \t  Weiterlesen      \t  <\/a>\n      \t<\/div>\n    <\/article>\n  <\/div>    \n    \t  <div class=\"actu\" style=\"background-image: url(https:\/\/www.rlstevenson-europe.org\/wp-content\/uploads\/2025\/01\/Screenshot_20250115_180120.jpg);\">\n    <article>\n    <div class=\"actu-content\">\n    <p> 24. Januar 2025<\/p>\n      \t<h5>Schon 30 Jahre alt!<\/h5>\n      \t<a href=\"https:\/\/www.rlstevenson-europe.org\/de\/wanderungen\/schon-30-jahre-alt\/\" title=\"Schon 30 Jahre alt!\">\n      \t  Weiterlesen      \t  <\/a>\n      \t<\/div>\n    <\/article>\n  <\/div>    \n    \t  <div class=\"actu\" style=\"background-image: url(https:\/\/www.rlstevenson-europe.org\/wp-content\/uploads\/2024\/10\/Capture-decran-2024-10-11-a-14.06.49-75-scaled.webp);\">\n    <article>\n    <div class=\"actu-content\">\n    <p> 11. Oktober 2024<\/p>\n      \t<h5>J\u00e4hrliches Beratungsforum des Europarates zu Kulturrouten<\/h5>\n      \t<a href=\"https:\/\/www.rlstevenson-europe.org\/de\/konferenzen\/jaehrliches-beratungsforum-des-europarates-zu-kulturrouten\/\" title=\"J\u00e4hrliches Beratungsforum des Europarates zu Kulturrouten\">\n      \t  Weiterlesen      \t  <\/a>\n      \t<\/div>\n    <\/article>\n  <\/div>    \n    \t  <div class=\"actu\" style=\"background-image: url(https:\/\/www.rlstevenson-europe.org\/wp-content\/uploads\/2024\/08\/1000014605-scaled.jpg);\">\n    <article>\n    <div class=\"actu-content\">\n    <p> 23. August 2024<\/p>\n      \t<h5>Stevenson Way Sommer 2024<\/h5>\n      \t<a href=\"https:\/\/www.rlstevenson-europe.org\/de\/wanderungen\/der-stevenson-way-sommer-2024\/\" title=\"Stevenson Way Sommer 2024\">\n      \t  Weiterlesen      \t  <\/a>\n      \t<\/div>\n    <\/article>\n  <\/div>    \n    \t\t\n<\/div>\n<div class=\"all-articles\">\n \n<a href=\" https:\/\/www.rlstevenson-europe.org\/de\/nachricht\/\">\n  Alle Artikel ansehen  <\/a>\n<\/div><\/div>","protected":false},"excerpt":{"rendered":"<p>Robert Louis Stevenson Die Romane \u201eDie Schatzinsel\u201c und \u201eDer seltsame Fall des Dr. Jekyll und Mr. Hyde\u201c sind universelle Bestseller, die jedes Jahr neu ver\u00f6ffentlicht und \u00fcbersetzt und in Filmen und Comics adaptiert werden. Stevenson war ein produktiver Schriftsteller; Auch \u201eThe Master of Ballantrae\u201c, \u201eKidnapped\u201c und \u201eThe Black Arrow\u201c sind Buchhandelserfolge, ebenso wie seine Kurzgeschichten, [&hellip;]<\/p>\n","protected":false},"author":1,"featured_media":1547,"parent":0,"menu_order":0,"comment_status":"closed","ping_status":"closed","template":"","meta":{"footnotes":""},"class_list":["post-616","page","type-page","status-publish","has-post-thumbnail","hentry"],"_links":{"self":[{"href":"https:\/\/www.rlstevenson-europe.org\/de\/wp-json\/wp\/v2\/pages\/616","targetHints":{"allow":["GET"]}}],"collection":[{"href":"https:\/\/www.rlstevenson-europe.org\/de\/wp-json\/wp\/v2\/pages"}],"about":[{"href":"https:\/\/www.rlstevenson-europe.org\/de\/wp-json\/wp\/v2\/types\/page"}],"author":[{"embeddable":true,"href":"https:\/\/www.rlstevenson-europe.org\/de\/wp-json\/wp\/v2\/users\/1"}],"replies":[{"embeddable":true,"href":"https:\/\/www.rlstevenson-europe.org\/de\/wp-json\/wp\/v2\/comments?post=616"}],"version-history":[{"count":3,"href":"https:\/\/www.rlstevenson-europe.org\/de\/wp-json\/wp\/v2\/pages\/616\/revisions"}],"predecessor-version":[{"id":1809,"href":"https:\/\/www.rlstevenson-europe.org\/de\/wp-json\/wp\/v2\/pages\/616\/revisions\/1809"}],"wp:featuredmedia":[{"embeddable":true,"href":"https:\/\/www.rlstevenson-europe.org\/de\/wp-json\/wp\/v2\/media\/1547"}],"wp:attachment":[{"href":"https:\/\/www.rlstevenson-europe.org\/de\/wp-json\/wp\/v2\/media?parent=616"}],"curies":[{"name":"wp","href":"https:\/\/api.w.org\/{rel}","templated":true}]}}