{"id":2105,"date":"2023-12-04T15:30:05","date_gmt":"2023-12-04T14:30:05","guid":{"rendered":"https:\/\/www.rlstevenson-europe.org\/ressources\/reiseberichte\/"},"modified":"2025-09-09T12:01:39","modified_gmt":"2025-09-09T10:01:39","slug":"reiseberichte","status":"publish","type":"page","link":"https:\/\/www.rlstevenson-europe.org\/de\/ressources\/reiseberichte\/","title":{"rendered":"Reiseberichte"},"content":{"rendered":"\n<p class=\"has-26-px-font-size\"><strong>Zahlreiche Reisende sind sich auf die Spuren von Stevenson begeben.<\/strong><\/p>\n\n<p>J. A. Hammerton: In the Track of R. L. Stevenson and Elsewhere in Old France (1903) <a href=\"https:\/\/archive.org\/details\/intrackofrlsteve00hammuoft\/page\/n7\/mode\/2up\" target=\"_blank\" rel=\"noopener\">online lesen<\/a><\/p>\n\n<iframe loading=\"lazy\" src=\"https:\/\/archive.org\/embed\/intrackofrlsteve00hammuoft\" width=\"560\" height=\"384\" frameborder=\"0\" webkitallowfullscreen=\"true\" mozallowfullscreen=\"true\" allowfullscreen=\"\"><\/iframe>\n\n<p>Vor kurzem hat der Fotograf Quentin Pruvost die Kan\u00e4le und Fl\u00fcsse des Nordens bereist und seine Reise hat zu einem wundersch\u00f6nen Werk gef\u00fchrt, das im Verlag Lightmotiv erschienen ist: <a href=\"http:\/\/quentin-pruvost.com\/inland-voyage\/\" target=\"_blank\" rel=\"noopener\">http:\/\/quentin-pruvost.com\/inland-voyage\/<\/a><\/p>\n\n<div style=\"height:100px\" aria-hidden=\"true\" class=\"wp-block-spacer\"><\/div>\n","protected":false},"excerpt":{"rendered":"<p>Zahlreiche Reisende sind sich auf die Spuren von Stevenson begeben. J. A. Hammerton: In the Track of R. L. Stevenson and Elsewhere in Old France (1903) online lesen Vor kurzem hat der Fotograf Quentin Pruvost die Kan\u00e4le und Fl\u00fcsse des Nordens bereist und seine Reise hat zu einem wundersch\u00f6nen Werk gef\u00fchrt, das im Verlag Lightmotiv [&hellip;]<\/p>\n","protected":false},"author":1,"featured_media":0,"parent":1243,"menu_order":0,"comment_status":"closed","ping_status":"closed","template":"","meta":{"footnotes":""},"class_list":["post-2105","page","type-page","status-publish","hentry"],"_links":{"self":[{"href":"https:\/\/www.rlstevenson-europe.org\/de\/wp-json\/wp\/v2\/pages\/2105","targetHints":{"allow":["GET"]}}],"collection":[{"href":"https:\/\/www.rlstevenson-europe.org\/de\/wp-json\/wp\/v2\/pages"}],"about":[{"href":"https:\/\/www.rlstevenson-europe.org\/de\/wp-json\/wp\/v2\/types\/page"}],"author":[{"embeddable":true,"href":"https:\/\/www.rlstevenson-europe.org\/de\/wp-json\/wp\/v2\/users\/1"}],"replies":[{"embeddable":true,"href":"https:\/\/www.rlstevenson-europe.org\/de\/wp-json\/wp\/v2\/comments?post=2105"}],"version-history":[{"count":3,"href":"https:\/\/www.rlstevenson-europe.org\/de\/wp-json\/wp\/v2\/pages\/2105\/revisions"}],"predecessor-version":[{"id":2108,"href":"https:\/\/www.rlstevenson-europe.org\/de\/wp-json\/wp\/v2\/pages\/2105\/revisions\/2108"}],"up":[{"embeddable":true,"href":"https:\/\/www.rlstevenson-europe.org\/de\/wp-json\/wp\/v2\/pages\/1243"}],"wp:attachment":[{"href":"https:\/\/www.rlstevenson-europe.org\/de\/wp-json\/wp\/v2\/media?parent=2105"}],"curies":[{"name":"wp","href":"https:\/\/api.w.org\/{rel}","templated":true}]}}