{"id":2084,"date":"2023-12-04T15:03:38","date_gmt":"2023-12-04T14:03:38","guid":{"rendered":"https:\/\/www.rlstevenson-europe.org\/ressources\/ressources-universitaires\/"},"modified":"2025-09-09T11:08:12","modified_gmt":"2025-09-09T09:08:12","slug":"ressources-universitaires","status":"publish","type":"page","link":"https:\/\/www.rlstevenson-europe.org\/de\/ressources\/ressources-universitaires\/","title":{"rendered":"Universit\u00e4re Ressourcen"},"content":{"rendered":"\n<ul class=\"wp-block-list\">\n<li>Website des RLS-Clubs: <a href=\"https:\/\/robert-louis-stevenson.org\/\" target=\"_blank\" rel=\"noopener\">https:\/\/robert-louis-stevenson.org\/<\/a><\/li>\n\n\n\n<li>Mehew-Sammlung: <a href=\"https:\/\/mehewcollection.omeka.net\/\" target=\"_blank\" rel=\"noopener\">https:\/\/mehewcollection.omeka.net\/<\/a><\/li>\n\n\n\n<li>LDie Universit\u00e4t Bordeaux Montaigne organisierte im Juni 2022 ein Stevenson Pleasure-<a href=\"https:\/\/www.canal-u.tv\/134443\" data-type=\"link\" data-id=\"https:\/\/www.canal-u.tv\/134443\" target=\"_blank\" rel=\"noopener\">Kolloquium<\/a>.<\/li>\n\n\n\n<li>Lesen Sie die Originaltexte online: <a href=\"https:\/\/www.gutenberg.org\/files\/58181\/58181-h\/58181-h.htm\" target=\"_blank\" rel=\"noopener\">https:\/\/www.gutenberg.org\/files\/58181\/58181-h\/58181-h.htm<\/a><\/li>\n<\/ul>\n\n\n\n<p>Z\u00f6gern Sie nicht, uns zu <a href=\"http:\/\/www.rlstevenson-europe.org\/nous-contacter\/\">kontaktieren<\/a>, wenn Sie \u00fcber weitere Informationsquellen verf\u00fcgen.<\/p>\n\n\n\n<div style=\"height:100px\" aria-hidden=\"true\" class=\"wp-block-spacer\"><\/div>\n\n\n\n<p><\/p>\n","protected":false},"excerpt":{"rendered":"<p>Z\u00f6gern Sie nicht, uns zu kontaktieren, wenn Sie \u00fcber weitere Informationsquellen verf\u00fcgen.<\/p>\n","protected":false},"author":1,"featured_media":0,"parent":1243,"menu_order":0,"comment_status":"closed","ping_status":"closed","template":"","meta":{"footnotes":""},"class_list":["post-2084","page","type-page","status-publish","hentry"],"_links":{"self":[{"href":"https:\/\/www.rlstevenson-europe.org\/de\/wp-json\/wp\/v2\/pages\/2084","targetHints":{"allow":["GET"]}}],"collection":[{"href":"https:\/\/www.rlstevenson-europe.org\/de\/wp-json\/wp\/v2\/pages"}],"about":[{"href":"https:\/\/www.rlstevenson-europe.org\/de\/wp-json\/wp\/v2\/types\/page"}],"author":[{"embeddable":true,"href":"https:\/\/www.rlstevenson-europe.org\/de\/wp-json\/wp\/v2\/users\/1"}],"replies":[{"embeddable":true,"href":"https:\/\/www.rlstevenson-europe.org\/de\/wp-json\/wp\/v2\/comments?post=2084"}],"version-history":[{"count":3,"href":"https:\/\/www.rlstevenson-europe.org\/de\/wp-json\/wp\/v2\/pages\/2084\/revisions"}],"predecessor-version":[{"id":2090,"href":"https:\/\/www.rlstevenson-europe.org\/de\/wp-json\/wp\/v2\/pages\/2084\/revisions\/2090"}],"up":[{"embeddable":true,"href":"https:\/\/www.rlstevenson-europe.org\/de\/wp-json\/wp\/v2\/pages\/1243"}],"wp:attachment":[{"href":"https:\/\/www.rlstevenson-europe.org\/de\/wp-json\/wp\/v2\/media?parent=2084"}],"curies":[{"name":"wp","href":"https:\/\/api.w.org\/{rel}","templated":true}]}}