{"id":1243,"date":"2023-10-25T17:14:16","date_gmt":"2023-10-25T15:14:16","guid":{"rendered":"http:\/\/www.rlstevenson-europe.org\/ressources\/"},"modified":"2025-09-26T14:41:50","modified_gmt":"2025-09-26T12:41:50","slug":"ressources","status":"publish","type":"page","link":"https:\/\/www.rlstevenson-europe.org\/de\/ressources\/","title":{"rendered":"Ressourcen"},"content":{"rendered":"\n<p><strong>Stevenson hat zahlreiche Initiativen in den verschiedensten Bereichen inspiriert und tut dies auch weiterhin: Reisen, Schreiben, Verfilmungen, etc.<\/strong><\/p>\n\n\n\n<p>Wenn Sie Ihr Wissen \u00fcber Robert Louis Stevenson erweitern m\u00f6chten, finden Sie hier einige Recherchem\u00f6glichkeiten, die nicht ersch\u00f6pfend sind und sowohl akademischer als auch spielerischer Natur sein k\u00f6nnen.<\/p>\n\n\n\n<h2 class=\"wp-block-heading\">W\u00e4hlen Sie Ihre bevorzugte Quelle aus!<\/h2>\n\n\n\n<ul class=\"wp-block-list\">\n<li><a href=\"https:\/\/www.rlstevenson-europe.org\/de\/ressources\/ressources-universitaires\/\">Universit\u00e4re Quellen<\/a><\/li>\n\n\n\n<li>B\u00fccher, die \u00fcber Stevenson erschienen sind<\/li>\n\n\n\n<li><a href=\"https:\/\/www.rlstevenson-europe.org\/de\/ressources\/bildbibliothek\/\">Bildbibliotheken<\/a><\/li>\n\n\n\n<li><a href=\"https:\/\/www.rlstevenson-europe.org\/de\/verfilmungen\/\">Filmadaptionen<\/a><\/li>\n\n\n\n<li><a href=\"https:\/\/www.rlstevenson-europe.org\/de\/comicq\/\">Comics<\/a><\/li>\n\n\n\n<li>Podcasts, Radiosendungen<\/li>\n\n\n\n<li>Wanderausstellungen<\/li>\n\n\n\n<li>Produkte<\/li>\n\n\n\n<li>Reiserouten<\/li>\n\n\n\n<li>Reiseberichte<\/li>\n<\/ul>\n\n\n\n<p>Bitte z\u00f6gern Sie nicht, uns zu <a href=\"https:\/\/www.rlstevenson-europe.org\/de\/kontakt\/\" data-type=\"page\" data-id=\"853\">kontaktieren<\/a>, falls Sie \u00fcber weitere Informationsquellen verf\u00fcgen<\/p>\n\n\n\n<p><\/p>\n","protected":false},"excerpt":{"rendered":"<p>Stevenson hat zahlreiche Initiativen in den verschiedensten Bereichen inspiriert und tut dies auch weiterhin: Reisen, Schreiben, Verfilmungen, etc. Wenn Sie Ihr Wissen \u00fcber Robert Louis Stevenson erweitern m\u00f6chten, finden Sie hier einige Recherchem\u00f6glichkeiten, die nicht ersch\u00f6pfend sind und sowohl akademischer als auch spielerischer Natur sein k\u00f6nnen. W\u00e4hlen Sie Ihre bevorzugte Quelle aus! Bitte z\u00f6gern Sie [&hellip;]<\/p>\n","protected":false},"author":4,"featured_media":0,"parent":0,"menu_order":0,"comment_status":"closed","ping_status":"closed","template":"","meta":{"footnotes":""},"class_list":["post-1243","page","type-page","status-publish","hentry"],"_links":{"self":[{"href":"https:\/\/www.rlstevenson-europe.org\/de\/wp-json\/wp\/v2\/pages\/1243","targetHints":{"allow":["GET"]}}],"collection":[{"href":"https:\/\/www.rlstevenson-europe.org\/de\/wp-json\/wp\/v2\/pages"}],"about":[{"href":"https:\/\/www.rlstevenson-europe.org\/de\/wp-json\/wp\/v2\/types\/page"}],"author":[{"embeddable":true,"href":"https:\/\/www.rlstevenson-europe.org\/de\/wp-json\/wp\/v2\/users\/4"}],"replies":[{"embeddable":true,"href":"https:\/\/www.rlstevenson-europe.org\/de\/wp-json\/wp\/v2\/comments?post=1243"}],"version-history":[{"count":3,"href":"https:\/\/www.rlstevenson-europe.org\/de\/wp-json\/wp\/v2\/pages\/1243\/revisions"}],"predecessor-version":[{"id":2122,"href":"https:\/\/www.rlstevenson-europe.org\/de\/wp-json\/wp\/v2\/pages\/1243\/revisions\/2122"}],"wp:attachment":[{"href":"https:\/\/www.rlstevenson-europe.org\/de\/wp-json\/wp\/v2\/media?parent=1243"}],"curies":[{"name":"wp","href":"https:\/\/api.w.org\/{rel}","templated":true}]}}